{"id":437,"date":"2023-03-26T13:36:26","date_gmt":"2023-03-26T11:36:26","guid":{"rendered":"https:\/\/www.soutienstaplante.fr\/?post_type=product&#038;p=437"},"modified":"2023-11-26T21:07:19","modified_gmt":"2023-11-26T20:07:19","slug":"testeur-ec-ou-tds-metre","status":"publish","type":"product","link":"https:\/\/www.soutienstaplante.fr\/index.php\/produit\/testeur-ec-ou-tds-metre\/","title":{"rendered":"Testeur EC ou TDS m\u00e8tre"},"content":{"rendered":"<p>Cet EC m\u00e8tre ou TDS m\u00e8tre permet de me mesurer la concentration d&rsquo;engrais soluble dans l&rsquo;eau.<br \/>\nPour une utilisation pour nos plante, tu pourras monter jusqu&rsquo;\u00e0 1.2ms\/cm ou 1200\u00b5S\/cm pour le bouturage et jusqu&rsquo;\u00e0 1,8ms\/cm ou 1800\u00b5S\/cm pour un plante mature au printemps-\u00e9t\u00e9. Il faut trouver le point d&rsquo;\u00e9quilibre entre consommation d&rsquo;eau et consommation d&rsquo;engrais pour que la concentration d&rsquo;engrais reste \u00e9quilibr\u00e9e. La plante puisera elle-m\u00eame ce dont elle a le plus besoin.<\/p>\n<p>Par exemple j&rsquo;ai ma monstera deliciosaqui est actuellement en hydroponie est stable autour de 1,6.<\/p>\n<p>le testeur sera calibr\u00e9 et test\u00e9 avant l&rsquo;envoi.<\/p>\n","protected":false},"excerpt":{"rendered":"<p>Cet EC m\u00e8tre ou TDS m\u00e8tre permet de me mesurer la concentration d&rsquo;engrais soluble dans l&rsquo;eau. Pour une utilisation pour nos plante, tu pourras monter jusqu&rsquo;\u00e0 1.2ms\/cm ou 1200\u00b5S\/cm pour le bouturage et jusqu&rsquo;\u00e0 1,8ms\/cm ou 1800\u00b5S\/cm pour un plante mature au printemps-\u00e9t\u00e9. Il faut trouver le point d&rsquo;\u00e9quilibre entre consommation d&rsquo;eau et consommation d&rsquo;engrais [&hellip;]<\/p>\n","protected":false},"featured_media":439,"template":"","meta":[],"product_brand":[],"product_cat":[20],"product_tag":[],"class_list":{"0":"post-437","1":"product","2":"type-product","3":"status-publish","4":"has-post-thumbnail","6":"product_cat-hydroponie","7":"product_shipping_class-lts","9":"first","10":"instock","11":"purchasable","12":"product-type-simple"},"yoast_head":"<!-- This site is optimized with the Yoast SEO plugin v27.0 - https:\/\/yoast.com\/product\/yoast-seo-wordpress\/ -->\n<title>Testeur EC ou TDS m\u00e8tre - Soutiens ta plante<\/title>\n<meta name=\"description\" content=\"Ce testeur EC ou TDS m\u00e8tre permet de mesurer la concentration d&#039;engrais soluble dans l&#039;eau, il permet \u00e0 vos plantes d&#039;avoir un apport optimal d&#039;engrais\" \/>\n<meta name=\"robots\" content=\"index, follow, max-snippet:-1, max-image-preview:large, max-video-preview:-1\" \/>\n<link rel=\"canonical\" href=\"https:\/\/www.soutienstaplante.fr\/index.php\/produit\/testeur-ec-ou-tds-metre\/\" \/>\n<meta property=\"og:locale\" content=\"fr_FR\" \/>\n<meta property=\"og:type\" content=\"article\" \/>\n<meta property=\"og:title\" content=\"Testeur EC ou TDS m\u00e8tre - Soutiens ta plante\" \/>\n<meta property=\"og:description\" content=\"Ce testeur EC ou TDS m\u00e8tre permet de mesurer la concentration d&#039;engrais soluble dans l&#039;eau, il permet \u00e0 vos plantes d&#039;avoir un apport optimal d&#039;engrais\" \/>\n<meta property=\"og:url\" content=\"https:\/\/www.soutienstaplante.fr\/index.php\/produit\/testeur-ec-ou-tds-metre\/\" \/>\n<meta property=\"og:site_name\" content=\"Soutiens ta plante\" \/>\n<meta property=\"article:publisher\" content=\"https:\/\/www.facebook.com\/soutienstaplante\/\" \/>\n<meta property=\"article:modified_time\" content=\"2023-11-26T20:07:19+00:00\" \/>\n<meta property=\"og:image\" content=\"https:\/\/www.soutienstaplante.fr\/wp-content\/uploads\/2023\/03\/img_7016-scaled.jpeg\" \/>\n\t<meta property=\"og:image:width\" content=\"1920\" \/>\n\t<meta property=\"og:image:height\" content=\"2560\" \/>\n\t<meta property=\"og:image:type\" content=\"image\/jpeg\" \/>\n<meta name=\"twitter:card\" content=\"summary_large_image\" \/>\n<meta name=\"twitter:label1\" content=\"Dur\u00e9e de lecture estim\u00e9e\" \/>\n\t<meta name=\"twitter:data1\" content=\"1 minute\" \/>\n<script type=\"application\/ld+json\" class=\"yoast-schema-graph\">{\"@context\":\"https:\/\/schema.org\",\"@graph\":[{\"@type\":\"WebPage\",\"@id\":\"https:\/\/www.soutienstaplante.fr\/index.php\/produit\/testeur-ec-ou-tds-metre\/\",\"url\":\"https:\/\/www.soutienstaplante.fr\/index.php\/produit\/testeur-ec-ou-tds-metre\/\",\"name\":\"Testeur EC ou TDS m\u00e8tre - Soutiens ta plante\",\"isPartOf\":{\"@id\":\"https:\/\/www.soutienstaplante.fr\/#website\"},\"primaryImageOfPage\":{\"@id\":\"https:\/\/www.soutienstaplante.fr\/index.php\/produit\/testeur-ec-ou-tds-metre\/#primaryimage\"},\"image\":{\"@id\":\"https:\/\/www.soutienstaplante.fr\/index.php\/produit\/testeur-ec-ou-tds-metre\/#primaryimage\"},\"thumbnailUrl\":\"https:\/\/www.soutienstaplante.fr\/wp-content\/uploads\/2023\/03\/img_7016-scaled.jpeg\",\"datePublished\":\"2023-03-26T11:36:26+00:00\",\"dateModified\":\"2023-11-26T20:07:19+00:00\",\"description\":\"Ce testeur EC ou TDS m\u00e8tre permet de mesurer la concentration d'engrais soluble dans l'eau, il permet \u00e0 vos plantes d'avoir un apport optimal d'engrais\",\"breadcrumb\":{\"@id\":\"https:\/\/www.soutienstaplante.fr\/index.php\/produit\/testeur-ec-ou-tds-metre\/#breadcrumb\"},\"inLanguage\":\"fr-FR\",\"potentialAction\":[{\"@type\":\"ReadAction\",\"target\":[\"https:\/\/www.soutienstaplante.fr\/index.php\/produit\/testeur-ec-ou-tds-metre\/\"]}]},{\"@type\":\"ImageObject\",\"inLanguage\":\"fr-FR\",\"@id\":\"https:\/\/www.soutienstaplante.fr\/index.php\/produit\/testeur-ec-ou-tds-metre\/#primaryimage\",\"url\":\"https:\/\/www.soutienstaplante.fr\/wp-content\/uploads\/2023\/03\/img_7016-scaled.jpeg\",\"contentUrl\":\"https:\/\/www.soutienstaplante.fr\/wp-content\/uploads\/2023\/03\/img_7016-scaled.jpeg\",\"width\":1920,\"height\":2560},{\"@type\":\"BreadcrumbList\",\"@id\":\"https:\/\/www.soutienstaplante.fr\/index.php\/produit\/testeur-ec-ou-tds-metre\/#breadcrumb\",\"itemListElement\":[{\"@type\":\"ListItem\",\"position\":1,\"name\":\"Accueil\",\"item\":\"https:\/\/www.soutienstaplante.fr\/\"},{\"@type\":\"ListItem\",\"position\":2,\"name\":\"Boutique\",\"item\":\"https:\/\/www.soutienstaplante.fr\/index.php\/boutique\/\"},{\"@type\":\"ListItem\",\"position\":3,\"name\":\"Testeur EC ou TDS m\u00e8tre\"}]},{\"@type\":\"WebSite\",\"@id\":\"https:\/\/www.soutienstaplante.fr\/#website\",\"url\":\"https:\/\/www.soutienstaplante.fr\/\",\"name\":\"Soutiens ta plante\",\"description\":\"Des tuteurs pour tes plantes\",\"publisher\":{\"@id\":\"https:\/\/www.soutienstaplante.fr\/#organization\"},\"alternateName\":\"Soutienstaplante\",\"potentialAction\":[{\"@type\":\"SearchAction\",\"target\":{\"@type\":\"EntryPoint\",\"urlTemplate\":\"https:\/\/www.soutienstaplante.fr\/?s={search_term_string}\"},\"query-input\":{\"@type\":\"PropertyValueSpecification\",\"valueRequired\":true,\"valueName\":\"search_term_string\"}}],\"inLanguage\":\"fr-FR\"},{\"@type\":\"Organization\",\"@id\":\"https:\/\/www.soutienstaplante.fr\/#organization\",\"name\":\"Soutiens ta plante\",\"url\":\"https:\/\/www.soutienstaplante.fr\/\",\"logo\":{\"@type\":\"ImageObject\",\"inLanguage\":\"fr-FR\",\"@id\":\"https:\/\/www.soutienstaplante.fr\/#\/schema\/logo\/image\/\",\"url\":\"https:\/\/www.soutienstaplante.fr\/wp-content\/uploads\/2023\/02\/Logo-Soutiens-ta-Plante.jpg\",\"contentUrl\":\"https:\/\/www.soutienstaplante.fr\/wp-content\/uploads\/2023\/02\/Logo-Soutiens-ta-Plante.jpg\",\"width\":2100,\"height\":2100,\"caption\":\"Soutiens ta plante\"},\"image\":{\"@id\":\"https:\/\/www.soutienstaplante.fr\/#\/schema\/logo\/image\/\"},\"sameAs\":[\"https:\/\/www.facebook.com\/soutienstaplante\/\",\"https:\/\/instagram.com\/soutienstaplante\"]}]}<\/script>\n<!-- \/ Yoast SEO plugin. -->","yoast_head_json":{"title":"Testeur EC ou TDS m\u00e8tre - Soutiens ta plante","description":"Ce testeur EC ou TDS m\u00e8tre permet de mesurer la concentration d'engrais soluble dans l'eau, il permet \u00e0 vos plantes d'avoir un apport optimal d'engrais","robots":{"index":"index","follow":"follow","max-snippet":"max-snippet:-1","max-image-preview":"max-image-preview:large","max-video-preview":"max-video-preview:-1"},"canonical":"https:\/\/www.soutienstaplante.fr\/index.php\/produit\/testeur-ec-ou-tds-metre\/","og_locale":"fr_FR","og_type":"article","og_title":"Testeur EC ou TDS m\u00e8tre - Soutiens ta plante","og_description":"Ce testeur EC ou TDS m\u00e8tre permet de mesurer la concentration d'engrais soluble dans l'eau, il permet \u00e0 vos plantes d'avoir un apport optimal d'engrais","og_url":"https:\/\/www.soutienstaplante.fr\/index.php\/produit\/testeur-ec-ou-tds-metre\/","og_site_name":"Soutiens ta plante","article_publisher":"https:\/\/www.facebook.com\/soutienstaplante\/","article_modified_time":"2023-11-26T20:07:19+00:00","og_image":[{"width":1920,"height":2560,"url":"https:\/\/www.soutienstaplante.fr\/wp-content\/uploads\/2023\/03\/img_7016-scaled.jpeg","type":"image\/jpeg"}],"twitter_card":"summary_large_image","twitter_misc":{"Dur\u00e9e de lecture estim\u00e9e":"1 minute"},"schema":{"@context":"https:\/\/schema.org","@graph":[{"@type":"WebPage","@id":"https:\/\/www.soutienstaplante.fr\/index.php\/produit\/testeur-ec-ou-tds-metre\/","url":"https:\/\/www.soutienstaplante.fr\/index.php\/produit\/testeur-ec-ou-tds-metre\/","name":"Testeur EC ou TDS m\u00e8tre - Soutiens ta plante","isPartOf":{"@id":"https:\/\/www.soutienstaplante.fr\/#website"},"primaryImageOfPage":{"@id":"https:\/\/www.soutienstaplante.fr\/index.php\/produit\/testeur-ec-ou-tds-metre\/#primaryimage"},"image":{"@id":"https:\/\/www.soutienstaplante.fr\/index.php\/produit\/testeur-ec-ou-tds-metre\/#primaryimage"},"thumbnailUrl":"https:\/\/www.soutienstaplante.fr\/wp-content\/uploads\/2023\/03\/img_7016-scaled.jpeg","datePublished":"2023-03-26T11:36:26+00:00","dateModified":"2023-11-26T20:07:19+00:00","description":"Ce testeur EC ou TDS m\u00e8tre permet de mesurer la concentration d'engrais soluble dans l'eau, il permet \u00e0 vos plantes d'avoir un apport optimal d'engrais","breadcrumb":{"@id":"https:\/\/www.soutienstaplante.fr\/index.php\/produit\/testeur-ec-ou-tds-metre\/#breadcrumb"},"inLanguage":"fr-FR","potentialAction":[{"@type":"ReadAction","target":["https:\/\/www.soutienstaplante.fr\/index.php\/produit\/testeur-ec-ou-tds-metre\/"]}]},{"@type":"ImageObject","inLanguage":"fr-FR","@id":"https:\/\/www.soutienstaplante.fr\/index.php\/produit\/testeur-ec-ou-tds-metre\/#primaryimage","url":"https:\/\/www.soutienstaplante.fr\/wp-content\/uploads\/2023\/03\/img_7016-scaled.jpeg","contentUrl":"https:\/\/www.soutienstaplante.fr\/wp-content\/uploads\/2023\/03\/img_7016-scaled.jpeg","width":1920,"height":2560},{"@type":"BreadcrumbList","@id":"https:\/\/www.soutienstaplante.fr\/index.php\/produit\/testeur-ec-ou-tds-metre\/#breadcrumb","itemListElement":[{"@type":"ListItem","position":1,"name":"Accueil","item":"https:\/\/www.soutienstaplante.fr\/"},{"@type":"ListItem","position":2,"name":"Boutique","item":"https:\/\/www.soutienstaplante.fr\/index.php\/boutique\/"},{"@type":"ListItem","position":3,"name":"Testeur EC ou TDS m\u00e8tre"}]},{"@type":"WebSite","@id":"https:\/\/www.soutienstaplante.fr\/#website","url":"https:\/\/www.soutienstaplante.fr\/","name":"Soutiens ta plante","description":"Des tuteurs pour tes plantes","publisher":{"@id":"https:\/\/www.soutienstaplante.fr\/#organization"},"alternateName":"Soutienstaplante","potentialAction":[{"@type":"SearchAction","target":{"@type":"EntryPoint","urlTemplate":"https:\/\/www.soutienstaplante.fr\/?s={search_term_string}"},"query-input":{"@type":"PropertyValueSpecification","valueRequired":true,"valueName":"search_term_string"}}],"inLanguage":"fr-FR"},{"@type":"Organization","@id":"https:\/\/www.soutienstaplante.fr\/#organization","name":"Soutiens ta plante","url":"https:\/\/www.soutienstaplante.fr\/","logo":{"@type":"ImageObject","inLanguage":"fr-FR","@id":"https:\/\/www.soutienstaplante.fr\/#\/schema\/logo\/image\/","url":"https:\/\/www.soutienstaplante.fr\/wp-content\/uploads\/2023\/02\/Logo-Soutiens-ta-Plante.jpg","contentUrl":"https:\/\/www.soutienstaplante.fr\/wp-content\/uploads\/2023\/02\/Logo-Soutiens-ta-Plante.jpg","width":2100,"height":2100,"caption":"Soutiens ta plante"},"image":{"@id":"https:\/\/www.soutienstaplante.fr\/#\/schema\/logo\/image\/"},"sameAs":["https:\/\/www.facebook.com\/soutienstaplante\/","https:\/\/instagram.com\/soutienstaplante"]}]}},"jetpack_sharing_enabled":true,"_links":{"self":[{"href":"https:\/\/www.soutienstaplante.fr\/index.php\/wp-json\/wp\/v2\/product\/437","targetHints":{"allow":["GET"]}}],"collection":[{"href":"https:\/\/www.soutienstaplante.fr\/index.php\/wp-json\/wp\/v2\/product"}],"about":[{"href":"https:\/\/www.soutienstaplante.fr\/index.php\/wp-json\/wp\/v2\/types\/product"}],"version-history":[{"count":1,"href":"https:\/\/www.soutienstaplante.fr\/index.php\/wp-json\/wp\/v2\/product\/437\/revisions"}],"predecessor-version":[{"id":517,"href":"https:\/\/www.soutienstaplante.fr\/index.php\/wp-json\/wp\/v2\/product\/437\/revisions\/517"}],"wp:featuredmedia":[{"embeddable":true,"href":"https:\/\/www.soutienstaplante.fr\/index.php\/wp-json\/wp\/v2\/media\/439"}],"wp:attachment":[{"href":"https:\/\/www.soutienstaplante.fr\/index.php\/wp-json\/wp\/v2\/media?parent=437"}],"wp:term":[{"taxonomy":"product_brand","embeddable":true,"href":"https:\/\/www.soutienstaplante.fr\/index.php\/wp-json\/wp\/v2\/product_brand?post=437"},{"taxonomy":"product_cat","embeddable":true,"href":"https:\/\/www.soutienstaplante.fr\/index.php\/wp-json\/wp\/v2\/product_cat?post=437"},{"taxonomy":"product_tag","embeddable":true,"href":"https:\/\/www.soutienstaplante.fr\/index.php\/wp-json\/wp\/v2\/product_tag?post=437"}],"curies":[{"name":"wp","href":"https:\/\/api.w.org\/{rel}","templated":true}]}}