{"id":723,"date":"2024-03-24T17:50:23","date_gmt":"2024-03-24T16:50:23","guid":{"rendered":"https:\/\/www.soutienstaplante.fr\/?post_type=product&#038;p=723"},"modified":"2026-04-11T14:10:32","modified_gmt":"2026-04-11T12:10:32","slug":"biobizz-biogrow-engrais-de-croissance-et-pour-plantes-vertes","status":"publish","type":"product","link":"https:\/\/www.soutienstaplante.fr\/index.php\/produit\/biobizz-biogrow-engrais-de-croissance-et-pour-plantes-vertes\/","title":{"rendered":"BIOBIZZ Biogrow Engrais pour plantes vertes ou tropicales"},"content":{"rendered":"<p>Bouteille de 1 litre d&rsquo;engrais de croissance pour plantes vertes ou tropicales.<br \/>\nMarque : BIOBIZZ<br \/>\nProduit : BIO-GROW<\/p>\n<h2>Avis et retour sur ce produit :<\/h2>\n<p>Ce produit est test\u00e9 depuis 2 ans sur toutes mes plantes (sans fleurs) en terre. La croissance est tr\u00e8s bonne et les plantes sont en bonne sant\u00e9.<br \/>\nDe plus, ce produit est BIO donc non issue de la p\u00e9trochimie.<br \/>\nIl se conserve tr\u00e8s longtemps. Vous pourrez donc l&rsquo;utiliser pour plus de 330 litres d&rsquo;eau.<\/p>\n<p>Utilisation de cet engrais :<\/p>\n<ul>\n<li>1 arrosage sur 2 avec une concentration de 3ml\/litre lors de la phase de croissances des plantes (Printemps, \u00e9t\u00e9).<\/li>\n<li>1 arrosage sur 4 avec une concentration de 1ml\/litre en phase de repos(automne\/hiver).<\/li>\n<\/ul>\n<p>Vous pouvez voir la sant\u00e9 de mes pantes sur mon INSTA @Soutienstaplante<\/p>\n<h2>Description du fabricant :<\/h2>\n<h3>Qu\u2019est-ce que Bio\u00b7Grow?<\/h3>\n<p>Vous pouvez appliquer cet engrais liquide \u00e0 la plupart des sols et m\u00e9langes de substrat. Sa composition se base sur un extrait 100% biologique de betterave \u00e0 sucre hollandaise, appel\u00e9 commun\u00e9ment vinasse.<\/p>\n<p>Ce produit est d\u00e9riv\u00e9 du sucre provenant de la betterave ou de la canne \u00e0 sucre est obtenu suite \u00e0 un processus de fermentation naturel. L\u2019amidon du sucre est ensuite trait\u00e9 avec des enzymes pour produire du glucose qui, en conjonction \u00e0 d\u2019autres nutriments pour plantes, contribuent \u00e0 produire une source d\u2019alimentation riche pour les microbes du sol et \u00e0 accro\u00eetre leur nombre afin de rendre le sol plus fertile.<\/p>\n<p>Les sucres naturels et le potassium pr\u00e9sents dans Bio\u00b7Grow activent la flore bact\u00e9rienne du substrat pour vous garantir une r\u00e9colte abondante de fruits doux et d\u00e9licieux.<\/p>\n<h2>Comment utiliser Bio\u00b7Grow?<\/h2>\n<p>Bio\u00b7Grow est un engrais complet que vous pouvez utiliser pendant toute la p\u00e9riode de croissance et de floraison.<\/p>\n<p>Commencez \u00e0 l\u2019utiliser d\u00e8s que les premi\u00e8res feuilles apparaissent jusqu\u2019\u00e0 ce que la plante atteigne 10 \u00e0 15 cm de hauteur. Ensuite, continuez d\u2019utiliser Bio\u00b7Grow jusqu\u2019\u00e0 ce que la production de fruits soit termin\u00e9e.<br \/>\nSizes<\/p>\n<p><a href=\"https:\/\/www.biobizz.com\/fr\/producto\/biogrow\/\">Bio\u00b7Grow &#8211; Biobizz<\/a><\/p>\n","protected":false},"excerpt":{"rendered":"<p>Bouteille de 1 litre d&rsquo;engrais de croissance pour plantes vertes ou tropicales. Marque : BIOBIZZ Produit : BIO-GROW Avis et retour sur ce produit : Ce produit est test\u00e9 depuis 2 ans sur toutes mes plantes (sans fleurs) en terre. La croissance est tr\u00e8s bonne et les plantes sont en bonne sant\u00e9. De plus, ce [&hellip;]<\/p>\n","protected":false},"featured_media":735,"template":"","meta":[],"product_brand":[],"product_cat":[24],"product_tag":[],"class_list":{"0":"post-723","1":"product","2":"type-product","3":"status-publish","4":"has-post-thumbnail","6":"product_cat-engrais","7":"product_shipping_class-std","9":"first","10":"outofstock","11":"shipping-taxable","12":"purchasable","13":"product-type-variable","14":"has-default-attributes"},"yoast_head":"<!-- This site is optimized with the Yoast SEO plugin v27.0 - https:\/\/yoast.com\/product\/yoast-seo-wordpress\/ -->\n<title>BIOBIZZ Biogrow Engrais pour plantes vertes ou tropicales<\/title>\n<meta name=\"description\" content=\"BIOBIZZ BioGrow est un engrais Bio pour la croissance et les plantes vertes ou tropicales. Les sucres pr\u00e9sents activent la flore bact\u00e9rienne du substrat.\" \/>\n<meta name=\"robots\" content=\"index, follow, max-snippet:-1, max-image-preview:large, max-video-preview:-1\" \/>\n<link rel=\"canonical\" href=\"https:\/\/www.soutienstaplante.fr\/index.php\/produit\/biobizz-biogrow-engrais-de-croissance-et-pour-plantes-vertes\/\" \/>\n<meta property=\"og:locale\" content=\"fr_FR\" \/>\n<meta property=\"og:type\" content=\"article\" \/>\n<meta property=\"og:title\" content=\"BIOBIZZ Biogrow Engrais pour plantes vertes ou tropicales\" \/>\n<meta property=\"og:description\" content=\"BIOBIZZ BioGrow est un engrais Bio pour la croissance et les plantes vertes ou tropicales. Les sucres pr\u00e9sents activent la flore bact\u00e9rienne du substrat.\" \/>\n<meta property=\"og:url\" content=\"https:\/\/www.soutienstaplante.fr\/index.php\/produit\/biobizz-biogrow-engrais-de-croissance-et-pour-plantes-vertes\/\" \/>\n<meta property=\"og:site_name\" content=\"Soutiens ta plante\" \/>\n<meta property=\"article:publisher\" content=\"https:\/\/www.facebook.com\/soutienstaplante\/\" \/>\n<meta property=\"article:modified_time\" content=\"2026-04-11T12:10:32+00:00\" \/>\n<meta property=\"og:image\" content=\"https:\/\/www.soutienstaplante.fr\/wp-content\/uploads\/2024\/03\/BIOBIZZ-BioGrow1-scaled.jpg\" \/>\n\t<meta property=\"og:image:width\" content=\"1920\" \/>\n\t<meta property=\"og:image:height\" content=\"2560\" \/>\n\t<meta property=\"og:image:type\" content=\"image\/jpeg\" \/>\n<meta name=\"twitter:card\" content=\"summary_large_image\" \/>\n<meta name=\"twitter:label1\" content=\"Dur\u00e9e de lecture estim\u00e9e\" \/>\n\t<meta name=\"twitter:data1\" content=\"2 minutes\" \/>\n<script type=\"application\/ld+json\" class=\"yoast-schema-graph\">{\"@context\":\"https:\/\/schema.org\",\"@graph\":[{\"@type\":\"WebPage\",\"@id\":\"https:\/\/www.soutienstaplante.fr\/index.php\/produit\/biobizz-biogrow-engrais-de-croissance-et-pour-plantes-vertes\/\",\"url\":\"https:\/\/www.soutienstaplante.fr\/index.php\/produit\/biobizz-biogrow-engrais-de-croissance-et-pour-plantes-vertes\/\",\"name\":\"BIOBIZZ Biogrow Engrais pour plantes vertes ou tropicales\",\"isPartOf\":{\"@id\":\"https:\/\/www.soutienstaplante.fr\/#website\"},\"primaryImageOfPage\":{\"@id\":\"https:\/\/www.soutienstaplante.fr\/index.php\/produit\/biobizz-biogrow-engrais-de-croissance-et-pour-plantes-vertes\/#primaryimage\"},\"image\":{\"@id\":\"https:\/\/www.soutienstaplante.fr\/index.php\/produit\/biobizz-biogrow-engrais-de-croissance-et-pour-plantes-vertes\/#primaryimage\"},\"thumbnailUrl\":\"https:\/\/www.soutienstaplante.fr\/wp-content\/uploads\/2024\/03\/BIOBIZZ-BioGrow1-scaled.jpg\",\"datePublished\":\"2024-03-24T16:50:23+00:00\",\"dateModified\":\"2026-04-11T12:10:32+00:00\",\"description\":\"BIOBIZZ BioGrow est un engrais Bio pour la croissance et les plantes vertes ou tropicales. Les sucres pr\u00e9sents activent la flore bact\u00e9rienne du substrat.\",\"breadcrumb\":{\"@id\":\"https:\/\/www.soutienstaplante.fr\/index.php\/produit\/biobizz-biogrow-engrais-de-croissance-et-pour-plantes-vertes\/#breadcrumb\"},\"inLanguage\":\"fr-FR\",\"potentialAction\":[{\"@type\":\"ReadAction\",\"target\":[\"https:\/\/www.soutienstaplante.fr\/index.php\/produit\/biobizz-biogrow-engrais-de-croissance-et-pour-plantes-vertes\/\"]}]},{\"@type\":\"ImageObject\",\"inLanguage\":\"fr-FR\",\"@id\":\"https:\/\/www.soutienstaplante.fr\/index.php\/produit\/biobizz-biogrow-engrais-de-croissance-et-pour-plantes-vertes\/#primaryimage\",\"url\":\"https:\/\/www.soutienstaplante.fr\/wp-content\/uploads\/2024\/03\/BIOBIZZ-BioGrow1-scaled.jpg\",\"contentUrl\":\"https:\/\/www.soutienstaplante.fr\/wp-content\/uploads\/2024\/03\/BIOBIZZ-BioGrow1-scaled.jpg\",\"width\":1920,\"height\":2560},{\"@type\":\"BreadcrumbList\",\"@id\":\"https:\/\/www.soutienstaplante.fr\/index.php\/produit\/biobizz-biogrow-engrais-de-croissance-et-pour-plantes-vertes\/#breadcrumb\",\"itemListElement\":[{\"@type\":\"ListItem\",\"position\":1,\"name\":\"Accueil\",\"item\":\"https:\/\/www.soutienstaplante.fr\/\"},{\"@type\":\"ListItem\",\"position\":2,\"name\":\"Boutique\",\"item\":\"https:\/\/www.soutienstaplante.fr\/index.php\/boutique\/\"},{\"@type\":\"ListItem\",\"position\":3,\"name\":\"BIOBIZZ Biogrow Engrais pour plantes vertes ou tropicales\"}]},{\"@type\":\"WebSite\",\"@id\":\"https:\/\/www.soutienstaplante.fr\/#website\",\"url\":\"https:\/\/www.soutienstaplante.fr\/\",\"name\":\"Soutiens ta plante\",\"description\":\"Des tuteurs pour tes plantes\",\"publisher\":{\"@id\":\"https:\/\/www.soutienstaplante.fr\/#organization\"},\"alternateName\":\"Soutienstaplante\",\"potentialAction\":[{\"@type\":\"SearchAction\",\"target\":{\"@type\":\"EntryPoint\",\"urlTemplate\":\"https:\/\/www.soutienstaplante.fr\/?s={search_term_string}\"},\"query-input\":{\"@type\":\"PropertyValueSpecification\",\"valueRequired\":true,\"valueName\":\"search_term_string\"}}],\"inLanguage\":\"fr-FR\"},{\"@type\":\"Organization\",\"@id\":\"https:\/\/www.soutienstaplante.fr\/#organization\",\"name\":\"Soutiens ta plante\",\"url\":\"https:\/\/www.soutienstaplante.fr\/\",\"logo\":{\"@type\":\"ImageObject\",\"inLanguage\":\"fr-FR\",\"@id\":\"https:\/\/www.soutienstaplante.fr\/#\/schema\/logo\/image\/\",\"url\":\"https:\/\/www.soutienstaplante.fr\/wp-content\/uploads\/2023\/02\/Logo-Soutiens-ta-Plante.jpg\",\"contentUrl\":\"https:\/\/www.soutienstaplante.fr\/wp-content\/uploads\/2023\/02\/Logo-Soutiens-ta-Plante.jpg\",\"width\":2100,\"height\":2100,\"caption\":\"Soutiens ta plante\"},\"image\":{\"@id\":\"https:\/\/www.soutienstaplante.fr\/#\/schema\/logo\/image\/\"},\"sameAs\":[\"https:\/\/www.facebook.com\/soutienstaplante\/\",\"https:\/\/instagram.com\/soutienstaplante\"]}]}<\/script>\n<!-- \/ Yoast SEO plugin. -->","yoast_head_json":{"title":"BIOBIZZ Biogrow Engrais pour plantes vertes ou tropicales","description":"BIOBIZZ BioGrow est un engrais Bio pour la croissance et les plantes vertes ou tropicales. Les sucres pr\u00e9sents activent la flore bact\u00e9rienne du substrat.","robots":{"index":"index","follow":"follow","max-snippet":"max-snippet:-1","max-image-preview":"max-image-preview:large","max-video-preview":"max-video-preview:-1"},"canonical":"https:\/\/www.soutienstaplante.fr\/index.php\/produit\/biobizz-biogrow-engrais-de-croissance-et-pour-plantes-vertes\/","og_locale":"fr_FR","og_type":"article","og_title":"BIOBIZZ Biogrow Engrais pour plantes vertes ou tropicales","og_description":"BIOBIZZ BioGrow est un engrais Bio pour la croissance et les plantes vertes ou tropicales. Les sucres pr\u00e9sents activent la flore bact\u00e9rienne du substrat.","og_url":"https:\/\/www.soutienstaplante.fr\/index.php\/produit\/biobizz-biogrow-engrais-de-croissance-et-pour-plantes-vertes\/","og_site_name":"Soutiens ta plante","article_publisher":"https:\/\/www.facebook.com\/soutienstaplante\/","article_modified_time":"2026-04-11T12:10:32+00:00","og_image":[{"width":1920,"height":2560,"url":"https:\/\/www.soutienstaplante.fr\/wp-content\/uploads\/2024\/03\/BIOBIZZ-BioGrow1-scaled.jpg","type":"image\/jpeg"}],"twitter_card":"summary_large_image","twitter_misc":{"Dur\u00e9e de lecture estim\u00e9e":"2 minutes"},"schema":{"@context":"https:\/\/schema.org","@graph":[{"@type":"WebPage","@id":"https:\/\/www.soutienstaplante.fr\/index.php\/produit\/biobizz-biogrow-engrais-de-croissance-et-pour-plantes-vertes\/","url":"https:\/\/www.soutienstaplante.fr\/index.php\/produit\/biobizz-biogrow-engrais-de-croissance-et-pour-plantes-vertes\/","name":"BIOBIZZ Biogrow Engrais pour plantes vertes ou tropicales","isPartOf":{"@id":"https:\/\/www.soutienstaplante.fr\/#website"},"primaryImageOfPage":{"@id":"https:\/\/www.soutienstaplante.fr\/index.php\/produit\/biobizz-biogrow-engrais-de-croissance-et-pour-plantes-vertes\/#primaryimage"},"image":{"@id":"https:\/\/www.soutienstaplante.fr\/index.php\/produit\/biobizz-biogrow-engrais-de-croissance-et-pour-plantes-vertes\/#primaryimage"},"thumbnailUrl":"https:\/\/www.soutienstaplante.fr\/wp-content\/uploads\/2024\/03\/BIOBIZZ-BioGrow1-scaled.jpg","datePublished":"2024-03-24T16:50:23+00:00","dateModified":"2026-04-11T12:10:32+00:00","description":"BIOBIZZ BioGrow est un engrais Bio pour la croissance et les plantes vertes ou tropicales. Les sucres pr\u00e9sents activent la flore bact\u00e9rienne du substrat.","breadcrumb":{"@id":"https:\/\/www.soutienstaplante.fr\/index.php\/produit\/biobizz-biogrow-engrais-de-croissance-et-pour-plantes-vertes\/#breadcrumb"},"inLanguage":"fr-FR","potentialAction":[{"@type":"ReadAction","target":["https:\/\/www.soutienstaplante.fr\/index.php\/produit\/biobizz-biogrow-engrais-de-croissance-et-pour-plantes-vertes\/"]}]},{"@type":"ImageObject","inLanguage":"fr-FR","@id":"https:\/\/www.soutienstaplante.fr\/index.php\/produit\/biobizz-biogrow-engrais-de-croissance-et-pour-plantes-vertes\/#primaryimage","url":"https:\/\/www.soutienstaplante.fr\/wp-content\/uploads\/2024\/03\/BIOBIZZ-BioGrow1-scaled.jpg","contentUrl":"https:\/\/www.soutienstaplante.fr\/wp-content\/uploads\/2024\/03\/BIOBIZZ-BioGrow1-scaled.jpg","width":1920,"height":2560},{"@type":"BreadcrumbList","@id":"https:\/\/www.soutienstaplante.fr\/index.php\/produit\/biobizz-biogrow-engrais-de-croissance-et-pour-plantes-vertes\/#breadcrumb","itemListElement":[{"@type":"ListItem","position":1,"name":"Accueil","item":"https:\/\/www.soutienstaplante.fr\/"},{"@type":"ListItem","position":2,"name":"Boutique","item":"https:\/\/www.soutienstaplante.fr\/index.php\/boutique\/"},{"@type":"ListItem","position":3,"name":"BIOBIZZ Biogrow Engrais pour plantes vertes ou tropicales"}]},{"@type":"WebSite","@id":"https:\/\/www.soutienstaplante.fr\/#website","url":"https:\/\/www.soutienstaplante.fr\/","name":"Soutiens ta plante","description":"Des tuteurs pour tes plantes","publisher":{"@id":"https:\/\/www.soutienstaplante.fr\/#organization"},"alternateName":"Soutienstaplante","potentialAction":[{"@type":"SearchAction","target":{"@type":"EntryPoint","urlTemplate":"https:\/\/www.soutienstaplante.fr\/?s={search_term_string}"},"query-input":{"@type":"PropertyValueSpecification","valueRequired":true,"valueName":"search_term_string"}}],"inLanguage":"fr-FR"},{"@type":"Organization","@id":"https:\/\/www.soutienstaplante.fr\/#organization","name":"Soutiens ta plante","url":"https:\/\/www.soutienstaplante.fr\/","logo":{"@type":"ImageObject","inLanguage":"fr-FR","@id":"https:\/\/www.soutienstaplante.fr\/#\/schema\/logo\/image\/","url":"https:\/\/www.soutienstaplante.fr\/wp-content\/uploads\/2023\/02\/Logo-Soutiens-ta-Plante.jpg","contentUrl":"https:\/\/www.soutienstaplante.fr\/wp-content\/uploads\/2023\/02\/Logo-Soutiens-ta-Plante.jpg","width":2100,"height":2100,"caption":"Soutiens ta plante"},"image":{"@id":"https:\/\/www.soutienstaplante.fr\/#\/schema\/logo\/image\/"},"sameAs":["https:\/\/www.facebook.com\/soutienstaplante\/","https:\/\/instagram.com\/soutienstaplante"]}]}},"jetpack_sharing_enabled":true,"_links":{"self":[{"href":"https:\/\/www.soutienstaplante.fr\/index.php\/wp-json\/wp\/v2\/product\/723","targetHints":{"allow":["GET"]}}],"collection":[{"href":"https:\/\/www.soutienstaplante.fr\/index.php\/wp-json\/wp\/v2\/product"}],"about":[{"href":"https:\/\/www.soutienstaplante.fr\/index.php\/wp-json\/wp\/v2\/types\/product"}],"version-history":[{"count":14,"href":"https:\/\/www.soutienstaplante.fr\/index.php\/wp-json\/wp\/v2\/product\/723\/revisions"}],"predecessor-version":[{"id":807,"href":"https:\/\/www.soutienstaplante.fr\/index.php\/wp-json\/wp\/v2\/product\/723\/revisions\/807"}],"wp:featuredmedia":[{"embeddable":true,"href":"https:\/\/www.soutienstaplante.fr\/index.php\/wp-json\/wp\/v2\/media\/735"}],"wp:attachment":[{"href":"https:\/\/www.soutienstaplante.fr\/index.php\/wp-json\/wp\/v2\/media?parent=723"}],"wp:term":[{"taxonomy":"product_brand","embeddable":true,"href":"https:\/\/www.soutienstaplante.fr\/index.php\/wp-json\/wp\/v2\/product_brand?post=723"},{"taxonomy":"product_cat","embeddable":true,"href":"https:\/\/www.soutienstaplante.fr\/index.php\/wp-json\/wp\/v2\/product_cat?post=723"},{"taxonomy":"product_tag","embeddable":true,"href":"https:\/\/www.soutienstaplante.fr\/index.php\/wp-json\/wp\/v2\/product_tag?post=723"}],"curies":[{"name":"wp","href":"https:\/\/api.w.org\/{rel}","templated":true}]}}