{"id":759,"date":"2024-03-25T21:48:41","date_gmt":"2024-03-25T20:48:41","guid":{"rendered":"https:\/\/www.soutienstaplante.fr\/?post_type=product&#038;p=759"},"modified":"2024-03-30T20:40:46","modified_gmt":"2024-03-30T19:40:46","slug":"canna-cannazym","status":"publish","type":"product","link":"https:\/\/www.soutienstaplante.fr\/index.php\/produit\/canna-cannazym\/","title":{"rendered":"CANNA Cannazym activateur d&rsquo;enzymes"},"content":{"rendered":"<h2><strong>Avis et retour sur ce produit :<\/strong><\/h2>\n<p>Ce produit Cannazym est utilis\u00e9 depuis quelques ann\u00e9es sur toutes mes plantes d\u2019int\u00e9rieur (sans fleurs) , uniquement en hydroponie.<br \/>\nIl fait partie de mes produits que j&rsquo;utilise avec l&rsquo;engrais <a href=\"https:\/\/www.soutienstaplante.fr\/index.php\/produit\/canna-aqua-vega\/\">CANNA Aqua<\/a>.<br \/>\nIl permet de rendre \u00ab\u00a0vivante\u00a0\u00bb l&rsquo;eau en ajoutant des enzymes. Cela permet de stabiliser l&rsquo;eau et d&rsquo;apporter des enzymes qui sont tr\u00e8s utile \u00e0 la croissance de la plante.<\/p>\n<p>Utilisation :<br \/>\nQuelque soit le stade de la plante, il faut ajouter 2,5ml\/litre de Cannazym<\/p>\n<p>En compl\u00e9ment de l\u2019engrais, j\u2019utilise d&rsquo;engrais <strong><a href=\"https:\/\/www.soutienstaplante.fr\/index.php\/produit\/canna-aqua-vega\/\">Canna Aqua Vega<\/a> <\/strong>et du <strong><a href=\"https:\/\/www.soutienstaplante.fr\/index.php\/produit\/canna-rhizotonic\/\">RHIZOTONIC<\/a><\/strong> pour stimuler les racines.<\/p>\n<p><img fetchpriority=\"high\" decoding=\"async\" class=\"alignleft size-medium wp-image-790\" src=\"https:\/\/www.soutienstaplante.fr\/wp-content\/uploads\/2024\/03\/Canna-Cannazym_1-223x300.jpg\" alt=\"CANNA CANNAZYM activateur d'enzymes\" width=\"223\" height=\"300\" srcset=\"https:\/\/www.soutienstaplante.fr\/wp-content\/uploads\/2024\/03\/Canna-Cannazym_1-223x300.jpg 223w, https:\/\/www.soutienstaplante.fr\/wp-content\/uploads\/2024\/03\/Canna-Cannazym_1-761x1024.jpg 761w, https:\/\/www.soutienstaplante.fr\/wp-content\/uploads\/2024\/03\/Canna-Cannazym_1-768x1033.jpg 768w, https:\/\/www.soutienstaplante.fr\/wp-content\/uploads\/2024\/03\/Canna-Cannazym_1-1142x1536.jpg 1142w, https:\/\/www.soutienstaplante.fr\/wp-content\/uploads\/2024\/03\/Canna-Cannazym_1-1522x2048.jpg 1522w, https:\/\/www.soutienstaplante.fr\/wp-content\/uploads\/2024\/03\/Canna-Cannazym_1-1320x1776.jpg 1320w, https:\/\/www.soutienstaplante.fr\/wp-content\/uploads\/2024\/03\/Canna-Cannazym_1-416x560.jpg 416w, https:\/\/www.soutienstaplante.fr\/wp-content\/uploads\/2024\/03\/Canna-Cannazym_1-scaled.jpg 1903w\" sizes=\"(max-width: 223px) 100vw, 223px\" \/> <img decoding=\"async\" class=\"alignleft size-medium wp-image-791\" src=\"https:\/\/www.soutienstaplante.fr\/wp-content\/uploads\/2024\/03\/Canna-Cannazym_2-300x225.jpg\" alt=\"CANNA CANNAZYM activateur d'enzymes\" width=\"300\" height=\"225\" srcset=\"https:\/\/www.soutienstaplante.fr\/wp-content\/uploads\/2024\/03\/Canna-Cannazym_2-300x225.jpg 300w, https:\/\/www.soutienstaplante.fr\/wp-content\/uploads\/2024\/03\/Canna-Cannazym_2-1024x768.jpg 1024w, https:\/\/www.soutienstaplante.fr\/wp-content\/uploads\/2024\/03\/Canna-Cannazym_2-768x576.jpg 768w, https:\/\/www.soutienstaplante.fr\/wp-content\/uploads\/2024\/03\/Canna-Cannazym_2-1536x1152.jpg 1536w, https:\/\/www.soutienstaplante.fr\/wp-content\/uploads\/2024\/03\/Canna-Cannazym_2-2048x1536.jpg 2048w, https:\/\/www.soutienstaplante.fr\/wp-content\/uploads\/2024\/03\/Canna-Cannazym_2-1320x990.jpg 1320w, https:\/\/www.soutienstaplante.fr\/wp-content\/uploads\/2024\/03\/Canna-Cannazym_2-416x312.jpg 416w\" sizes=\"(max-width: 300px) 100vw, 300px\" \/><\/p>\n<h2><strong>Description du fabricant :<\/strong><\/h2>\n<h3>Comment agit CANNAZYM?<\/h3>\n<p>Les enzymes sont des substances qui acc\u00e9l\u00e8rent les r\u00e9actions des organismes vivants. (Par exemple, ils jouent un r\u00f4le crucial au cours de notre digestion). CANNAZYM\u00a0d\u00e9clenche l\u2019activation d\u2019enzymes et ses ingr\u00e9dients sont essentiels pour la production d\u2019Adenosine Triphosphate (ATP). Les nutriments de CANNAZYM jouent \u00e9galement un r\u00f4le important dans l\u2019activation de nombreuses enzymes li\u00e9es \u00e0 la croissance des plantes. En ajoutant CANNAZYM, vous aider \u00e0 promouvoir la croissance de la racine et l\u2019absorption de nutriments. CANNAZYM peut \u00e9galement aider \u00e0 obtenir une meilleure tol\u00e9rance de la plante au stress.<\/p>\n<h3>Une meilleure sant\u00e9<\/h3>\n<p>Plusieurs vitamines facilement absorbables ont \u00e9t\u00e9 ajout\u00e9es \u00e0 CANNAZYM. Elles stimulent la plante lors de la formation de nouvelles racines.<\/p>\n<p><a href=\"https:\/\/www.canna.fr\/cannazym\">CANNAZYM | CANNA France<\/a><\/p>\n","protected":false},"excerpt":{"rendered":"<p>Avis et retour sur ce produit : Ce produit Cannazym est utilis\u00e9 depuis quelques ann\u00e9es sur toutes mes plantes d\u2019int\u00e9rieur (sans fleurs) , uniquement en hydroponie. Il fait partie de mes produits que j&rsquo;utilise avec l&rsquo;engrais CANNA Aqua. Il permet de rendre \u00ab\u00a0vivante\u00a0\u00bb l&rsquo;eau en ajoutant des enzymes. Cela permet de stabiliser l&rsquo;eau et d&rsquo;apporter [&hellip;]<\/p>\n","protected":false},"featured_media":790,"template":"","meta":[],"product_brand":[],"product_cat":[20,24],"product_tag":[],"class_list":{"0":"post-759","1":"product","2":"type-product","3":"status-publish","4":"has-post-thumbnail","6":"product_cat-hydroponie","7":"product_cat-engrais","9":"first","10":"instock","11":"shipping-taxable","12":"purchasable","13":"product-type-simple"},"yoast_head":"<!-- This site is optimized with the Yoast SEO plugin v27.0 - https:\/\/yoast.com\/product\/yoast-seo-wordpress\/ -->\n<title>CANNA Cannazym activateur d&#039;enzymes<\/title>\n<meta name=\"description\" content=\"Cannazym de la marque CANNA est un activateur d&#039;enzymes qui contribue \u00e0 la croissance des racines et \u00e0 l&#039;absorption des nutriments.\" \/>\n<meta name=\"robots\" content=\"index, follow, max-snippet:-1, max-image-preview:large, max-video-preview:-1\" \/>\n<link rel=\"canonical\" href=\"https:\/\/www.soutienstaplante.fr\/index.php\/produit\/canna-cannazym\/\" \/>\n<meta property=\"og:locale\" content=\"fr_FR\" \/>\n<meta property=\"og:type\" content=\"article\" \/>\n<meta property=\"og:title\" content=\"CANNA Cannazym activateur d&#039;enzymes\" \/>\n<meta property=\"og:description\" content=\"Cannazym de la marque CANNA est un activateur d&#039;enzymes qui contribue \u00e0 la croissance des racines et \u00e0 l&#039;absorption des nutriments.\" \/>\n<meta property=\"og:url\" content=\"https:\/\/www.soutienstaplante.fr\/index.php\/produit\/canna-cannazym\/\" \/>\n<meta property=\"og:site_name\" content=\"Soutiens ta plante\" \/>\n<meta property=\"article:publisher\" content=\"https:\/\/www.facebook.com\/soutienstaplante\/\" \/>\n<meta property=\"article:modified_time\" content=\"2024-03-30T19:40:46+00:00\" \/>\n<meta property=\"og:image\" content=\"https:\/\/www.soutienstaplante.fr\/wp-content\/uploads\/2024\/03\/Canna-Cannazym_1-scaled.jpg\" \/>\n\t<meta property=\"og:image:width\" content=\"1903\" \/>\n\t<meta property=\"og:image:height\" content=\"2560\" \/>\n\t<meta property=\"og:image:type\" content=\"image\/jpeg\" \/>\n<meta name=\"twitter:card\" content=\"summary_large_image\" \/>\n<meta name=\"twitter:label1\" content=\"Dur\u00e9e de lecture estim\u00e9e\" \/>\n\t<meta name=\"twitter:data1\" content=\"2 minutes\" \/>\n<script type=\"application\/ld+json\" class=\"yoast-schema-graph\">{\"@context\":\"https:\/\/schema.org\",\"@graph\":[{\"@type\":\"WebPage\",\"@id\":\"https:\/\/www.soutienstaplante.fr\/index.php\/produit\/canna-cannazym\/\",\"url\":\"https:\/\/www.soutienstaplante.fr\/index.php\/produit\/canna-cannazym\/\",\"name\":\"CANNA Cannazym activateur d'enzymes\",\"isPartOf\":{\"@id\":\"https:\/\/www.soutienstaplante.fr\/#website\"},\"primaryImageOfPage\":{\"@id\":\"https:\/\/www.soutienstaplante.fr\/index.php\/produit\/canna-cannazym\/#primaryimage\"},\"image\":{\"@id\":\"https:\/\/www.soutienstaplante.fr\/index.php\/produit\/canna-cannazym\/#primaryimage\"},\"thumbnailUrl\":\"https:\/\/www.soutienstaplante.fr\/wp-content\/uploads\/2024\/03\/Canna-Cannazym_1-scaled.jpg\",\"datePublished\":\"2024-03-25T20:48:41+00:00\",\"dateModified\":\"2024-03-30T19:40:46+00:00\",\"description\":\"Cannazym de la marque CANNA est un activateur d'enzymes qui contribue \u00e0 la croissance des racines et \u00e0 l'absorption des nutriments.\",\"breadcrumb\":{\"@id\":\"https:\/\/www.soutienstaplante.fr\/index.php\/produit\/canna-cannazym\/#breadcrumb\"},\"inLanguage\":\"fr-FR\",\"potentialAction\":[{\"@type\":\"ReadAction\",\"target\":[\"https:\/\/www.soutienstaplante.fr\/index.php\/produit\/canna-cannazym\/\"]}]},{\"@type\":\"ImageObject\",\"inLanguage\":\"fr-FR\",\"@id\":\"https:\/\/www.soutienstaplante.fr\/index.php\/produit\/canna-cannazym\/#primaryimage\",\"url\":\"https:\/\/www.soutienstaplante.fr\/wp-content\/uploads\/2024\/03\/Canna-Cannazym_1-scaled.jpg\",\"contentUrl\":\"https:\/\/www.soutienstaplante.fr\/wp-content\/uploads\/2024\/03\/Canna-Cannazym_1-scaled.jpg\",\"width\":1903,\"height\":2560,\"caption\":\"CANNA CANNAZYM activateur d'enzymes\"},{\"@type\":\"BreadcrumbList\",\"@id\":\"https:\/\/www.soutienstaplante.fr\/index.php\/produit\/canna-cannazym\/#breadcrumb\",\"itemListElement\":[{\"@type\":\"ListItem\",\"position\":1,\"name\":\"Accueil\",\"item\":\"https:\/\/www.soutienstaplante.fr\/\"},{\"@type\":\"ListItem\",\"position\":2,\"name\":\"Boutique\",\"item\":\"https:\/\/www.soutienstaplante.fr\/index.php\/boutique\/\"},{\"@type\":\"ListItem\",\"position\":3,\"name\":\"CANNA Cannazym activateur d&#8217;enzymes\"}]},{\"@type\":\"WebSite\",\"@id\":\"https:\/\/www.soutienstaplante.fr\/#website\",\"url\":\"https:\/\/www.soutienstaplante.fr\/\",\"name\":\"Soutiens ta plante\",\"description\":\"Des tuteurs pour tes plantes\",\"publisher\":{\"@id\":\"https:\/\/www.soutienstaplante.fr\/#organization\"},\"alternateName\":\"Soutienstaplante\",\"potentialAction\":[{\"@type\":\"SearchAction\",\"target\":{\"@type\":\"EntryPoint\",\"urlTemplate\":\"https:\/\/www.soutienstaplante.fr\/?s={search_term_string}\"},\"query-input\":{\"@type\":\"PropertyValueSpecification\",\"valueRequired\":true,\"valueName\":\"search_term_string\"}}],\"inLanguage\":\"fr-FR\"},{\"@type\":\"Organization\",\"@id\":\"https:\/\/www.soutienstaplante.fr\/#organization\",\"name\":\"Soutiens ta plante\",\"url\":\"https:\/\/www.soutienstaplante.fr\/\",\"logo\":{\"@type\":\"ImageObject\",\"inLanguage\":\"fr-FR\",\"@id\":\"https:\/\/www.soutienstaplante.fr\/#\/schema\/logo\/image\/\",\"url\":\"https:\/\/www.soutienstaplante.fr\/wp-content\/uploads\/2023\/02\/Logo-Soutiens-ta-Plante.jpg\",\"contentUrl\":\"https:\/\/www.soutienstaplante.fr\/wp-content\/uploads\/2023\/02\/Logo-Soutiens-ta-Plante.jpg\",\"width\":2100,\"height\":2100,\"caption\":\"Soutiens ta plante\"},\"image\":{\"@id\":\"https:\/\/www.soutienstaplante.fr\/#\/schema\/logo\/image\/\"},\"sameAs\":[\"https:\/\/www.facebook.com\/soutienstaplante\/\",\"https:\/\/instagram.com\/soutienstaplante\"]}]}<\/script>\n<!-- \/ Yoast SEO plugin. -->","yoast_head_json":{"title":"CANNA Cannazym activateur d'enzymes","description":"Cannazym de la marque CANNA est un activateur d'enzymes qui contribue \u00e0 la croissance des racines et \u00e0 l'absorption des nutriments.","robots":{"index":"index","follow":"follow","max-snippet":"max-snippet:-1","max-image-preview":"max-image-preview:large","max-video-preview":"max-video-preview:-1"},"canonical":"https:\/\/www.soutienstaplante.fr\/index.php\/produit\/canna-cannazym\/","og_locale":"fr_FR","og_type":"article","og_title":"CANNA Cannazym activateur d'enzymes","og_description":"Cannazym de la marque CANNA est un activateur d'enzymes qui contribue \u00e0 la croissance des racines et \u00e0 l'absorption des nutriments.","og_url":"https:\/\/www.soutienstaplante.fr\/index.php\/produit\/canna-cannazym\/","og_site_name":"Soutiens ta plante","article_publisher":"https:\/\/www.facebook.com\/soutienstaplante\/","article_modified_time":"2024-03-30T19:40:46+00:00","og_image":[{"width":1903,"height":2560,"url":"https:\/\/www.soutienstaplante.fr\/wp-content\/uploads\/2024\/03\/Canna-Cannazym_1-scaled.jpg","type":"image\/jpeg"}],"twitter_card":"summary_large_image","twitter_misc":{"Dur\u00e9e de lecture estim\u00e9e":"2 minutes"},"schema":{"@context":"https:\/\/schema.org","@graph":[{"@type":"WebPage","@id":"https:\/\/www.soutienstaplante.fr\/index.php\/produit\/canna-cannazym\/","url":"https:\/\/www.soutienstaplante.fr\/index.php\/produit\/canna-cannazym\/","name":"CANNA Cannazym activateur d'enzymes","isPartOf":{"@id":"https:\/\/www.soutienstaplante.fr\/#website"},"primaryImageOfPage":{"@id":"https:\/\/www.soutienstaplante.fr\/index.php\/produit\/canna-cannazym\/#primaryimage"},"image":{"@id":"https:\/\/www.soutienstaplante.fr\/index.php\/produit\/canna-cannazym\/#primaryimage"},"thumbnailUrl":"https:\/\/www.soutienstaplante.fr\/wp-content\/uploads\/2024\/03\/Canna-Cannazym_1-scaled.jpg","datePublished":"2024-03-25T20:48:41+00:00","dateModified":"2024-03-30T19:40:46+00:00","description":"Cannazym de la marque CANNA est un activateur d'enzymes qui contribue \u00e0 la croissance des racines et \u00e0 l'absorption des nutriments.","breadcrumb":{"@id":"https:\/\/www.soutienstaplante.fr\/index.php\/produit\/canna-cannazym\/#breadcrumb"},"inLanguage":"fr-FR","potentialAction":[{"@type":"ReadAction","target":["https:\/\/www.soutienstaplante.fr\/index.php\/produit\/canna-cannazym\/"]}]},{"@type":"ImageObject","inLanguage":"fr-FR","@id":"https:\/\/www.soutienstaplante.fr\/index.php\/produit\/canna-cannazym\/#primaryimage","url":"https:\/\/www.soutienstaplante.fr\/wp-content\/uploads\/2024\/03\/Canna-Cannazym_1-scaled.jpg","contentUrl":"https:\/\/www.soutienstaplante.fr\/wp-content\/uploads\/2024\/03\/Canna-Cannazym_1-scaled.jpg","width":1903,"height":2560,"caption":"CANNA CANNAZYM activateur d'enzymes"},{"@type":"BreadcrumbList","@id":"https:\/\/www.soutienstaplante.fr\/index.php\/produit\/canna-cannazym\/#breadcrumb","itemListElement":[{"@type":"ListItem","position":1,"name":"Accueil","item":"https:\/\/www.soutienstaplante.fr\/"},{"@type":"ListItem","position":2,"name":"Boutique","item":"https:\/\/www.soutienstaplante.fr\/index.php\/boutique\/"},{"@type":"ListItem","position":3,"name":"CANNA Cannazym activateur d&#8217;enzymes"}]},{"@type":"WebSite","@id":"https:\/\/www.soutienstaplante.fr\/#website","url":"https:\/\/www.soutienstaplante.fr\/","name":"Soutiens ta plante","description":"Des tuteurs pour tes plantes","publisher":{"@id":"https:\/\/www.soutienstaplante.fr\/#organization"},"alternateName":"Soutienstaplante","potentialAction":[{"@type":"SearchAction","target":{"@type":"EntryPoint","urlTemplate":"https:\/\/www.soutienstaplante.fr\/?s={search_term_string}"},"query-input":{"@type":"PropertyValueSpecification","valueRequired":true,"valueName":"search_term_string"}}],"inLanguage":"fr-FR"},{"@type":"Organization","@id":"https:\/\/www.soutienstaplante.fr\/#organization","name":"Soutiens ta plante","url":"https:\/\/www.soutienstaplante.fr\/","logo":{"@type":"ImageObject","inLanguage":"fr-FR","@id":"https:\/\/www.soutienstaplante.fr\/#\/schema\/logo\/image\/","url":"https:\/\/www.soutienstaplante.fr\/wp-content\/uploads\/2023\/02\/Logo-Soutiens-ta-Plante.jpg","contentUrl":"https:\/\/www.soutienstaplante.fr\/wp-content\/uploads\/2023\/02\/Logo-Soutiens-ta-Plante.jpg","width":2100,"height":2100,"caption":"Soutiens ta plante"},"image":{"@id":"https:\/\/www.soutienstaplante.fr\/#\/schema\/logo\/image\/"},"sameAs":["https:\/\/www.facebook.com\/soutienstaplante\/","https:\/\/instagram.com\/soutienstaplante"]}]}},"jetpack_sharing_enabled":true,"_links":{"self":[{"href":"https:\/\/www.soutienstaplante.fr\/index.php\/wp-json\/wp\/v2\/product\/759","targetHints":{"allow":["GET"]}}],"collection":[{"href":"https:\/\/www.soutienstaplante.fr\/index.php\/wp-json\/wp\/v2\/product"}],"about":[{"href":"https:\/\/www.soutienstaplante.fr\/index.php\/wp-json\/wp\/v2\/types\/product"}],"version-history":[{"count":11,"href":"https:\/\/www.soutienstaplante.fr\/index.php\/wp-json\/wp\/v2\/product\/759\/revisions"}],"predecessor-version":[{"id":793,"href":"https:\/\/www.soutienstaplante.fr\/index.php\/wp-json\/wp\/v2\/product\/759\/revisions\/793"}],"wp:featuredmedia":[{"embeddable":true,"href":"https:\/\/www.soutienstaplante.fr\/index.php\/wp-json\/wp\/v2\/media\/790"}],"wp:attachment":[{"href":"https:\/\/www.soutienstaplante.fr\/index.php\/wp-json\/wp\/v2\/media?parent=759"}],"wp:term":[{"taxonomy":"product_brand","embeddable":true,"href":"https:\/\/www.soutienstaplante.fr\/index.php\/wp-json\/wp\/v2\/product_brand?post=759"},{"taxonomy":"product_cat","embeddable":true,"href":"https:\/\/www.soutienstaplante.fr\/index.php\/wp-json\/wp\/v2\/product_cat?post=759"},{"taxonomy":"product_tag","embeddable":true,"href":"https:\/\/www.soutienstaplante.fr\/index.php\/wp-json\/wp\/v2\/product_tag?post=759"}],"curies":[{"name":"wp","href":"https:\/\/api.w.org\/{rel}","templated":true}]}}