{"id":765,"date":"2024-03-25T23:16:55","date_gmt":"2024-03-25T22:16:55","guid":{"rendered":"https:\/\/www.soutienstaplante.fr\/?post_type=product&#038;p=765"},"modified":"2025-10-01T18:42:37","modified_gmt":"2025-10-01T16:42:37","slug":"canna-rhizotonic","status":"publish","type":"product","link":"https:\/\/www.soutienstaplante.fr\/index.php\/produit\/canna-rhizotonic\/","title":{"rendered":"CANNA Rhizotonic pour la stimulation des racines"},"content":{"rendered":"<h2><strong>Avis et retour sur ce produit :<\/strong><\/h2>\n<p>Ce produit est utilis\u00e9 depuis quelques ann\u00e9es sur toutes mes plantes d\u2019int\u00e9rieur (sans fleurs), en hydroponie et en terre.<br \/>\nLa croissance des racines est stimul\u00e9e et les racines sont plus nombreuses.<br \/>\nCe produit est optionnel pour maintenir un plante en hydroponie mais il est tr\u00e8s utile pour d\u00e9marrer des boutures ou commencer une plante en hydroponie. C&rsquo;est un gros plus !!!<br \/>\nChaque bouteille contient 1 litre. Tr\u00e8s simple d\u2019utilisation, ils ont un petit r\u00e9servoir qui permet de r\u00e9cup\u00e9rer facilement la dose d\u2019engrais d\u00e9sir\u00e9e.<\/p>\n<p>Utilisation de l\u2019engrais :<\/p>\n<ul>\n<li>Pour les plantes sans racines ou tr\u00e8s peu 4ml\/litre<\/li>\n<li>Pour les plantes sur lesquelles vous voulez stimuler l&rsquo;enracinement 2ml\/litre<\/li>\n<li>Pour les plantes matures 0,5ml\/litre<\/li>\n<\/ul>\n<p>En compl\u00e9ment de ce stimulant racinaire,\u00a0 j\u2019utilise l&rsquo;engrais <strong><a href=\"https:\/\/www.soutienstaplante.fr\/index.php\/produit\/canna-aqua-vega\/\">Canna Aqua<\/a> <\/strong>et du <a href=\"https:\/\/www.soutienstaplante.fr\/index.php\/produit\/canna-cannazym\/\"><strong>Cannazym<\/strong><\/a>(activateur d\u2019enzymes) afin de stabiliser l\u2019eau du robinet.<\/p>\n<p><img fetchpriority=\"high\" decoding=\"async\" class=\"alignleft size-medium wp-image-795\" src=\"https:\/\/www.soutienstaplante.fr\/wp-content\/uploads\/2024\/03\/Canna-RHIZOTONIC_2-225x300.jpg\" alt=\"CANNA RHIZOTONIC\" width=\"225\" height=\"300\" srcset=\"https:\/\/www.soutienstaplante.fr\/wp-content\/uploads\/2024\/03\/Canna-RHIZOTONIC_2-225x300.jpg 225w, https:\/\/www.soutienstaplante.fr\/wp-content\/uploads\/2024\/03\/Canna-RHIZOTONIC_2-768x1024.jpg 768w, https:\/\/www.soutienstaplante.fr\/wp-content\/uploads\/2024\/03\/Canna-RHIZOTONIC_2-1152x1536.jpg 1152w, https:\/\/www.soutienstaplante.fr\/wp-content\/uploads\/2024\/03\/Canna-RHIZOTONIC_2-1536x2048.jpg 1536w, https:\/\/www.soutienstaplante.fr\/wp-content\/uploads\/2024\/03\/Canna-RHIZOTONIC_2-1320x1760.jpg 1320w, https:\/\/www.soutienstaplante.fr\/wp-content\/uploads\/2024\/03\/Canna-RHIZOTONIC_2-416x555.jpg 416w, https:\/\/www.soutienstaplante.fr\/wp-content\/uploads\/2024\/03\/Canna-RHIZOTONIC_2-scaled.jpg 1920w\" sizes=\"(max-width: 225px) 100vw, 225px\" \/> <img decoding=\"async\" class=\"alignleft size-medium wp-image-794\" src=\"https:\/\/www.soutienstaplante.fr\/wp-content\/uploads\/2024\/03\/Canna-RHIZOTONIC_1-225x300.jpg\" alt=\"CANNA RHIZOTONIC\" width=\"225\" height=\"300\" srcset=\"https:\/\/www.soutienstaplante.fr\/wp-content\/uploads\/2024\/03\/Canna-RHIZOTONIC_1-225x300.jpg 225w, https:\/\/www.soutienstaplante.fr\/wp-content\/uploads\/2024\/03\/Canna-RHIZOTONIC_1-768x1024.jpg 768w, https:\/\/www.soutienstaplante.fr\/wp-content\/uploads\/2024\/03\/Canna-RHIZOTONIC_1-scaled.jpg 1920w\" sizes=\"(max-width: 225px) 100vw, 225px\" \/><\/p>\n<p>&nbsp;<\/p>\n<p>&nbsp;<\/p>\n<blockquote class=\"instagram-media\" data-instgrm-captioned data-instgrm-permalink=\"https:\/\/www.instagram.com\/reel\/C4OjWSNMYDl\/?utm_source=ig_embed&amp;utm_campaign=loading\" data-instgrm-version=\"14\" style=\" background:#FFF; border:0; border-radius:3px; box-shadow:0 0 1px 0 rgba(0,0,0,0.5),0 1px 10px 0 rgba(0,0,0,0.15); margin: 1px; max-width:658px; min-width:326px; padding:0; width:99.375%; width:-webkit-calc(100% - 2px); width:calc(100% - 2px);\">\n<div style=\"padding:16px;\"> <a href=\"https:\/\/www.instagram.com\/reel\/C4OjWSNMYDl\/?utm_source=ig_embed&amp;utm_campaign=loading\" style=\" background:#FFFFFF; line-height:0; padding:0 0; text-align:center; text-decoration:none; width:100%;\" target=\"_blank\"> <\/p>\n<div style=\" display: flex; flex-direction: row; align-items: center;\">\n<div style=\"background-color: #F4F4F4; border-radius: 50%; flex-grow: 0; height: 40px; margin-right: 14px; width: 40px;\"><\/div>\n<div style=\"display: flex; flex-direction: column; flex-grow: 1; justify-content: center;\">\n<div style=\" background-color: #F4F4F4; border-radius: 4px; flex-grow: 0; height: 14px; margin-bottom: 6px; width: 100px;\"><\/div>\n<div style=\" background-color: #F4F4F4; border-radius: 4px; flex-grow: 0; height: 14px; width: 60px;\"><\/div>\n<\/div>\n<\/div>\n<div style=\"padding: 19% 0;\"><\/div>\n<div style=\"display:block; height:50px; margin:0 auto 12px; width:50px;\"><svg width=\"50px\" height=\"50px\" viewBox=\"0 0 60 60\" version=\"1.1\" xmlns=\"https:\/\/www.w3.org\/2000\/svg\" xmlns:xlink=\"https:\/\/www.w3.org\/1999\/xlink\"><g stroke=\"none\" stroke-width=\"1\" fill=\"none\" fill-rule=\"evenodd\"><g transform=\"translate(-511.000000, -20.000000)\" fill=\"#000000\"><g><path d=\"M556.869,30.41 C554.814,30.41 553.148,32.076 553.148,34.131 C553.148,36.186 554.814,37.852 556.869,37.852 C558.924,37.852 560.59,36.186 560.59,34.131 C560.59,32.076 558.924,30.41 556.869,30.41 M541,60.657 C535.114,60.657 530.342,55.887 530.342,50 C530.342,44.114 535.114,39.342 541,39.342 C546.887,39.342 551.658,44.114 551.658,50 C551.658,55.887 546.887,60.657 541,60.657 M541,33.886 C532.1,33.886 524.886,41.1 524.886,50 C524.886,58.899 532.1,66.113 541,66.113 C549.9,66.113 557.115,58.899 557.115,50 C557.115,41.1 549.9,33.886 541,33.886 M565.378,62.101 C565.244,65.022 564.756,66.606 564.346,67.663 C563.803,69.06 563.154,70.057 562.106,71.106 C561.058,72.155 560.06,72.803 558.662,73.347 C557.607,73.757 556.021,74.244 553.102,74.378 C549.944,74.521 548.997,74.552 541,74.552 C533.003,74.552 532.056,74.521 528.898,74.378 C525.979,74.244 524.393,73.757 523.338,73.347 C521.94,72.803 520.942,72.155 519.894,71.106 C518.846,70.057 518.197,69.06 517.654,67.663 C517.244,66.606 516.755,65.022 516.623,62.101 C516.479,58.943 516.448,57.996 516.448,50 C516.448,42.003 516.479,41.056 516.623,37.899 C516.755,34.978 517.244,33.391 517.654,32.338 C518.197,30.938 518.846,29.942 519.894,28.894 C520.942,27.846 521.94,27.196 523.338,26.654 C524.393,26.244 525.979,25.756 528.898,25.623 C532.057,25.479 533.004,25.448 541,25.448 C548.997,25.448 549.943,25.479 553.102,25.623 C556.021,25.756 557.607,26.244 558.662,26.654 C560.06,27.196 561.058,27.846 562.106,28.894 C563.154,29.942 563.803,30.938 564.346,32.338 C564.756,33.391 565.244,34.978 565.378,37.899 C565.522,41.056 565.552,42.003 565.552,50 C565.552,57.996 565.522,58.943 565.378,62.101 M570.82,37.631 C570.674,34.438 570.167,32.258 569.425,30.349 C568.659,28.377 567.633,26.702 565.965,25.035 C564.297,23.368 562.623,22.342 560.652,21.575 C558.743,20.834 556.562,20.326 553.369,20.18 C550.169,20.033 549.148,20 541,20 C532.853,20 531.831,20.033 528.631,20.18 C525.438,20.326 523.257,20.834 521.349,21.575 C519.376,22.342 517.703,23.368 516.035,25.035 C514.368,26.702 513.342,28.377 512.574,30.349 C511.834,32.258 511.326,34.438 511.181,37.631 C511.035,40.831 511,41.851 511,50 C511,58.147 511.035,59.17 511.181,62.369 C511.326,65.562 511.834,67.743 512.574,69.651 C513.342,71.625 514.368,73.296 516.035,74.965 C517.703,76.634 519.376,77.658 521.349,78.425 C523.257,79.167 525.438,79.673 528.631,79.82 C531.831,79.965 532.853,80.001 541,80.001 C549.148,80.001 550.169,79.965 553.369,79.82 C556.562,79.673 558.743,79.167 560.652,78.425 C562.623,77.658 564.297,76.634 565.965,74.965 C567.633,73.296 568.659,71.625 569.425,69.651 C570.167,67.743 570.674,65.562 570.82,62.369 C570.966,59.17 571,58.147 571,50 C571,41.851 570.966,40.831 570.82,37.631\"><\/path><\/g><\/g><\/g><\/svg><\/div>\n<div style=\"padding-top: 8px;\">\n<div style=\" color:#3897f0; font-family:Arial,sans-serif; font-size:14px; font-style:normal; font-weight:550; line-height:18px;\">View this post on Instagram<\/div>\n<\/div>\n<div style=\"padding: 12.5% 0;\"><\/div>\n<div style=\"display: flex; flex-direction: row; margin-bottom: 14px; align-items: center;\">\n<div>\n<div style=\"background-color: #F4F4F4; border-radius: 50%; height: 12.5px; width: 12.5px; transform: translateX(0px) translateY(7px);\"><\/div>\n<div style=\"background-color: #F4F4F4; height: 12.5px; transform: rotate(-45deg) translateX(3px) translateY(1px); width: 12.5px; flex-grow: 0; margin-right: 14px; margin-left: 2px;\"><\/div>\n<div style=\"background-color: #F4F4F4; border-radius: 50%; height: 12.5px; width: 12.5px; transform: translateX(9px) translateY(-18px);\"><\/div>\n<\/div>\n<div style=\"margin-left: 8px;\">\n<div style=\" background-color: #F4F4F4; border-radius: 50%; flex-grow: 0; height: 20px; width: 20px;\"><\/div>\n<div style=\" width: 0; height: 0; border-top: 2px solid transparent; border-left: 6px solid #f4f4f4; border-bottom: 2px solid transparent; transform: translateX(16px) translateY(-4px) rotate(30deg)\"><\/div>\n<\/div>\n<div style=\"margin-left: auto;\">\n<div style=\" width: 0px; border-top: 8px solid #F4F4F4; border-right: 8px solid transparent; transform: translateY(16px);\"><\/div>\n<div style=\" background-color: #F4F4F4; flex-grow: 0; height: 12px; width: 16px; transform: translateY(-4px);\"><\/div>\n<div style=\" width: 0; height: 0; border-top: 8px solid #F4F4F4; border-left: 8px solid transparent; transform: translateY(-4px) translateX(8px);\"><\/div>\n<\/div>\n<\/div>\n<div style=\"display: flex; flex-direction: column; flex-grow: 1; justify-content: center; margin-bottom: 24px;\">\n<div style=\" background-color: #F4F4F4; border-radius: 4px; flex-grow: 0; height: 14px; margin-bottom: 6px; width: 224px;\"><\/div>\n<div style=\" background-color: #F4F4F4; border-radius: 4px; flex-grow: 0; height: 14px; width: 144px;\"><\/div>\n<\/div>\n<p><\/a><\/p>\n<p style=\" color:#c9c8cd; font-family:Arial,sans-serif; font-size:14px; line-height:17px; margin-bottom:0; margin-top:8px; overflow:hidden; padding:8px 0 7px; text-align:center; text-overflow:ellipsis; white-space:nowrap;\"><a href=\"https:\/\/www.instagram.com\/reel\/C4OjWSNMYDl\/?utm_source=ig_embed&amp;utm_campaign=loading\" style=\" color:#c9c8cd; font-family:Arial,sans-serif; font-size:14px; font-style:normal; font-weight:normal; line-height:17px; text-decoration:none;\" target=\"_blank\">A post shared by Soutienstaplante (@soutienstaplante)<\/a><\/p>\n<\/div>\n<\/blockquote>\n<p><script async src=\"\/\/platform.instagram.com\/en_US\/embeds.js\"><\/script><\/p>\n<p>&nbsp;<\/p>\n<h2><strong>Description du fabricant :<\/strong><\/h2>\n<div class=\"column--left\">\n<div class=\"field field--name-field-left-column field--type-entity-reference-revisions field--label-hidden field__item\">\n<div class=\"paragraph paragraph--type--text paragraph--view-mode--default\">\n<div class=\"clearfix text-formatted field field--name-field-text-text field--type-text-long field--label-hidden field__item\">\n<p>CANNA RHIZOTONIC est riche en cendre d&rsquo;algue, extr\u00eamement actif pendant la phase v\u00e9g\u00e9tative.<\/p>\n<p>CANNA RHIZOTONIC contient du phosphore et du potassium. Cette combinaison stimule la croissance rapide des racines des plantes. Un bon syst\u00e8me radical a beaucoup de nouvelles pousses. C\u2019est justement dans ces pointes de croissance que sont absorb\u00e9s des \u00e9l\u00e9ments comme le calcium, le magn\u00e9sium et le fer.<\/p>\n<p>Avantages de CANNA RHIZOTONIC:<\/p>\n<ul>\n<li><strong>Favorise un bon enracinement des plants.<\/strong><\/li>\n<li><strong>Am\u00e9liore la croissance des plantes en g\u00e9n\u00e9ral et les r\u00e9actions chimiques au sein de la plante pour une croissance plus saine, vigoureuse et robuste.<\/strong><br \/>\nDe bons r\u00e9sultats commencent par une plante en bonne sant\u00e9. En aidant le d\u00e9veloppement des racines, CANNA RHIZONTONIC favorise leur croissance. Une caract\u00e9ristique tr\u00e8s importante, surtout au cours des premi\u00e8res semaines de la vie d&rsquo;une plante, lorsqu&rsquo;elle est particuli\u00e8rement vuln\u00e9rable. CANNA RHIZOTONIC stimule le d\u00e9veloppement de la racine et favorise les qualit\u00e9s internes et externes de la plante.<\/li>\n<li><strong>Favorise la reprise de toute plante ou bouture qui a subi un choc d&rsquo;une quelconque mani\u00e8re.<\/strong><br \/>\nDe nombreux horticulteurs s&rsquo;accordent \u00e0 dire que les plantes r\u00e9cup\u00e8rent plus rapidement d&rsquo;une situation de stress si CANNA RHIZOTONIC est utilis\u00e9 Les plantes peuvent subir un choc, par exemple, lors du transport ou du rempotage. CANNA RHIZOTONIC am\u00e9liore aussi l&rsquo;\u00e9tat des plantes faibles et mal d\u00e9velopp\u00e9es.<\/li>\n<\/ul>\n<\/div>\n<\/div>\n<\/div>\n<\/div>\n<div class=\"column--right\">\n<div class=\"field field--name-field-right-column field--type-entity-reference-revisions field--label-hidden field__item\">\n<div class=\"paragraph paragraph--type--text paragraph--view-mode--default\">\n<div class=\"clearfix text-formatted field field--name-field-text-text field--type-text-long field--label-hidden field__item\">\n<p>RHIZOTONIC convient \u00e0 tous les moyens de culture. Il est adapt\u00e9 \u00e0 la culture hydro et en pot. Vous pouvez l&rsquo;utiliser tout au long du cycle de croissance. De la plantation \u00e0 la r\u00e9colte !<\/p>\n<p><a href=\"https:\/\/www.canna.fr\/canna-rhizotonic\">CANNA RHIZOTONIC | CANNA France<\/a><\/p>\n<\/div>\n<\/div>\n<\/div>\n<\/div>\n","protected":false},"excerpt":{"rendered":"<p>Avis et retour sur ce produit : Ce produit est utilis\u00e9 depuis quelques ann\u00e9es sur toutes mes plantes d\u2019int\u00e9rieur (sans fleurs), en hydroponie et en terre. La croissance des racines est stimul\u00e9e et les racines sont plus nombreuses. Ce produit est optionnel pour maintenir un plante en hydroponie mais il est tr\u00e8s utile pour d\u00e9marrer [&hellip;]<\/p>\n","protected":false},"featured_media":795,"template":"","meta":[],"product_brand":[],"product_cat":[20,24],"product_tag":[],"class_list":{"0":"post-765","1":"product","2":"type-product","3":"status-publish","4":"has-post-thumbnail","6":"product_cat-hydroponie","7":"product_cat-engrais","9":"first","10":"instock","11":"shipping-taxable","12":"purchasable","13":"product-type-simple"},"yoast_head":"<!-- This site is optimized with the Yoast SEO plugin v27.0 - https:\/\/yoast.com\/product\/yoast-seo-wordpress\/ -->\n<title>CANNA Rhizotonic pour la stimulation des racines<\/title>\n<meta name=\"description\" content=\"CANNA Rhizotonic est un stimulant racinaire. Il favorise la reprise des racines de toute plante ou bouture qui a subi un choc d&#039;une quelconque mani\u00e8re\" \/>\n<meta name=\"robots\" content=\"index, follow, max-snippet:-1, max-image-preview:large, max-video-preview:-1\" \/>\n<link rel=\"canonical\" href=\"https:\/\/www.soutienstaplante.fr\/index.php\/produit\/canna-rhizotonic\/\" \/>\n<meta property=\"og:locale\" content=\"fr_FR\" \/>\n<meta property=\"og:type\" content=\"article\" \/>\n<meta property=\"og:title\" content=\"CANNA Rhizotonic pour la stimulation des racines\" \/>\n<meta property=\"og:description\" content=\"CANNA Rhizotonic est un stimulant racinaire. Il favorise la reprise des racines de toute plante ou bouture qui a subi un choc d&#039;une quelconque mani\u00e8re\" \/>\n<meta property=\"og:url\" content=\"https:\/\/www.soutienstaplante.fr\/index.php\/produit\/canna-rhizotonic\/\" \/>\n<meta property=\"og:site_name\" content=\"Soutiens ta plante\" \/>\n<meta property=\"article:publisher\" content=\"https:\/\/www.facebook.com\/soutienstaplante\/\" \/>\n<meta property=\"article:modified_time\" content=\"2025-10-01T16:42:37+00:00\" \/>\n<meta property=\"og:image\" content=\"https:\/\/www.soutienstaplante.fr\/wp-content\/uploads\/2024\/03\/Canna-RHIZOTONIC_2-scaled.jpg\" \/>\n\t<meta property=\"og:image:width\" content=\"1920\" \/>\n\t<meta property=\"og:image:height\" content=\"2560\" \/>\n\t<meta property=\"og:image:type\" content=\"image\/jpeg\" \/>\n<meta name=\"twitter:card\" content=\"summary_large_image\" \/>\n<meta name=\"twitter:label1\" content=\"Dur\u00e9e de lecture estim\u00e9e\" \/>\n\t<meta name=\"twitter:data1\" content=\"3 minutes\" \/>\n<script type=\"application\/ld+json\" class=\"yoast-schema-graph\">{\"@context\":\"https:\/\/schema.org\",\"@graph\":[{\"@type\":\"WebPage\",\"@id\":\"https:\/\/www.soutienstaplante.fr\/index.php\/produit\/canna-rhizotonic\/\",\"url\":\"https:\/\/www.soutienstaplante.fr\/index.php\/produit\/canna-rhizotonic\/\",\"name\":\"CANNA Rhizotonic pour la stimulation des racines\",\"isPartOf\":{\"@id\":\"https:\/\/www.soutienstaplante.fr\/#website\"},\"primaryImageOfPage\":{\"@id\":\"https:\/\/www.soutienstaplante.fr\/index.php\/produit\/canna-rhizotonic\/#primaryimage\"},\"image\":{\"@id\":\"https:\/\/www.soutienstaplante.fr\/index.php\/produit\/canna-rhizotonic\/#primaryimage\"},\"thumbnailUrl\":\"https:\/\/www.soutienstaplante.fr\/wp-content\/uploads\/2024\/03\/Canna-RHIZOTONIC_2-scaled.jpg\",\"datePublished\":\"2024-03-25T22:16:55+00:00\",\"dateModified\":\"2025-10-01T16:42:37+00:00\",\"description\":\"CANNA Rhizotonic est un stimulant racinaire. Il favorise la reprise des racines de toute plante ou bouture qui a subi un choc d'une quelconque mani\u00e8re\",\"breadcrumb\":{\"@id\":\"https:\/\/www.soutienstaplante.fr\/index.php\/produit\/canna-rhizotonic\/#breadcrumb\"},\"inLanguage\":\"fr-FR\",\"potentialAction\":[{\"@type\":\"ReadAction\",\"target\":[\"https:\/\/www.soutienstaplante.fr\/index.php\/produit\/canna-rhizotonic\/\"]}]},{\"@type\":\"ImageObject\",\"inLanguage\":\"fr-FR\",\"@id\":\"https:\/\/www.soutienstaplante.fr\/index.php\/produit\/canna-rhizotonic\/#primaryimage\",\"url\":\"https:\/\/www.soutienstaplante.fr\/wp-content\/uploads\/2024\/03\/Canna-RHIZOTONIC_2-scaled.jpg\",\"contentUrl\":\"https:\/\/www.soutienstaplante.fr\/wp-content\/uploads\/2024\/03\/Canna-RHIZOTONIC_2-scaled.jpg\",\"width\":1920,\"height\":2560,\"caption\":\"CANNA RHIZOTONIC\"},{\"@type\":\"BreadcrumbList\",\"@id\":\"https:\/\/www.soutienstaplante.fr\/index.php\/produit\/canna-rhizotonic\/#breadcrumb\",\"itemListElement\":[{\"@type\":\"ListItem\",\"position\":1,\"name\":\"Accueil\",\"item\":\"https:\/\/www.soutienstaplante.fr\/\"},{\"@type\":\"ListItem\",\"position\":2,\"name\":\"Boutique\",\"item\":\"https:\/\/www.soutienstaplante.fr\/index.php\/boutique\/\"},{\"@type\":\"ListItem\",\"position\":3,\"name\":\"CANNA Rhizotonic pour la stimulation des racines\"}]},{\"@type\":\"WebSite\",\"@id\":\"https:\/\/www.soutienstaplante.fr\/#website\",\"url\":\"https:\/\/www.soutienstaplante.fr\/\",\"name\":\"Soutiens ta plante\",\"description\":\"Des tuteurs pour tes plantes\",\"publisher\":{\"@id\":\"https:\/\/www.soutienstaplante.fr\/#organization\"},\"alternateName\":\"Soutienstaplante\",\"potentialAction\":[{\"@type\":\"SearchAction\",\"target\":{\"@type\":\"EntryPoint\",\"urlTemplate\":\"https:\/\/www.soutienstaplante.fr\/?s={search_term_string}\"},\"query-input\":{\"@type\":\"PropertyValueSpecification\",\"valueRequired\":true,\"valueName\":\"search_term_string\"}}],\"inLanguage\":\"fr-FR\"},{\"@type\":\"Organization\",\"@id\":\"https:\/\/www.soutienstaplante.fr\/#organization\",\"name\":\"Soutiens ta plante\",\"url\":\"https:\/\/www.soutienstaplante.fr\/\",\"logo\":{\"@type\":\"ImageObject\",\"inLanguage\":\"fr-FR\",\"@id\":\"https:\/\/www.soutienstaplante.fr\/#\/schema\/logo\/image\/\",\"url\":\"https:\/\/www.soutienstaplante.fr\/wp-content\/uploads\/2023\/02\/Logo-Soutiens-ta-Plante.jpg\",\"contentUrl\":\"https:\/\/www.soutienstaplante.fr\/wp-content\/uploads\/2023\/02\/Logo-Soutiens-ta-Plante.jpg\",\"width\":2100,\"height\":2100,\"caption\":\"Soutiens ta plante\"},\"image\":{\"@id\":\"https:\/\/www.soutienstaplante.fr\/#\/schema\/logo\/image\/\"},\"sameAs\":[\"https:\/\/www.facebook.com\/soutienstaplante\/\",\"https:\/\/instagram.com\/soutienstaplante\"]}]}<\/script>\n<!-- \/ Yoast SEO plugin. -->","yoast_head_json":{"title":"CANNA Rhizotonic pour la stimulation des racines","description":"CANNA Rhizotonic est un stimulant racinaire. Il favorise la reprise des racines de toute plante ou bouture qui a subi un choc d'une quelconque mani\u00e8re","robots":{"index":"index","follow":"follow","max-snippet":"max-snippet:-1","max-image-preview":"max-image-preview:large","max-video-preview":"max-video-preview:-1"},"canonical":"https:\/\/www.soutienstaplante.fr\/index.php\/produit\/canna-rhizotonic\/","og_locale":"fr_FR","og_type":"article","og_title":"CANNA Rhizotonic pour la stimulation des racines","og_description":"CANNA Rhizotonic est un stimulant racinaire. Il favorise la reprise des racines de toute plante ou bouture qui a subi un choc d'une quelconque mani\u00e8re","og_url":"https:\/\/www.soutienstaplante.fr\/index.php\/produit\/canna-rhizotonic\/","og_site_name":"Soutiens ta plante","article_publisher":"https:\/\/www.facebook.com\/soutienstaplante\/","article_modified_time":"2025-10-01T16:42:37+00:00","og_image":[{"width":1920,"height":2560,"url":"https:\/\/www.soutienstaplante.fr\/wp-content\/uploads\/2024\/03\/Canna-RHIZOTONIC_2-scaled.jpg","type":"image\/jpeg"}],"twitter_card":"summary_large_image","twitter_misc":{"Dur\u00e9e de lecture estim\u00e9e":"3 minutes"},"schema":{"@context":"https:\/\/schema.org","@graph":[{"@type":"WebPage","@id":"https:\/\/www.soutienstaplante.fr\/index.php\/produit\/canna-rhizotonic\/","url":"https:\/\/www.soutienstaplante.fr\/index.php\/produit\/canna-rhizotonic\/","name":"CANNA Rhizotonic pour la stimulation des racines","isPartOf":{"@id":"https:\/\/www.soutienstaplante.fr\/#website"},"primaryImageOfPage":{"@id":"https:\/\/www.soutienstaplante.fr\/index.php\/produit\/canna-rhizotonic\/#primaryimage"},"image":{"@id":"https:\/\/www.soutienstaplante.fr\/index.php\/produit\/canna-rhizotonic\/#primaryimage"},"thumbnailUrl":"https:\/\/www.soutienstaplante.fr\/wp-content\/uploads\/2024\/03\/Canna-RHIZOTONIC_2-scaled.jpg","datePublished":"2024-03-25T22:16:55+00:00","dateModified":"2025-10-01T16:42:37+00:00","description":"CANNA Rhizotonic est un stimulant racinaire. Il favorise la reprise des racines de toute plante ou bouture qui a subi un choc d'une quelconque mani\u00e8re","breadcrumb":{"@id":"https:\/\/www.soutienstaplante.fr\/index.php\/produit\/canna-rhizotonic\/#breadcrumb"},"inLanguage":"fr-FR","potentialAction":[{"@type":"ReadAction","target":["https:\/\/www.soutienstaplante.fr\/index.php\/produit\/canna-rhizotonic\/"]}]},{"@type":"ImageObject","inLanguage":"fr-FR","@id":"https:\/\/www.soutienstaplante.fr\/index.php\/produit\/canna-rhizotonic\/#primaryimage","url":"https:\/\/www.soutienstaplante.fr\/wp-content\/uploads\/2024\/03\/Canna-RHIZOTONIC_2-scaled.jpg","contentUrl":"https:\/\/www.soutienstaplante.fr\/wp-content\/uploads\/2024\/03\/Canna-RHIZOTONIC_2-scaled.jpg","width":1920,"height":2560,"caption":"CANNA RHIZOTONIC"},{"@type":"BreadcrumbList","@id":"https:\/\/www.soutienstaplante.fr\/index.php\/produit\/canna-rhizotonic\/#breadcrumb","itemListElement":[{"@type":"ListItem","position":1,"name":"Accueil","item":"https:\/\/www.soutienstaplante.fr\/"},{"@type":"ListItem","position":2,"name":"Boutique","item":"https:\/\/www.soutienstaplante.fr\/index.php\/boutique\/"},{"@type":"ListItem","position":3,"name":"CANNA Rhizotonic pour la stimulation des racines"}]},{"@type":"WebSite","@id":"https:\/\/www.soutienstaplante.fr\/#website","url":"https:\/\/www.soutienstaplante.fr\/","name":"Soutiens ta plante","description":"Des tuteurs pour tes plantes","publisher":{"@id":"https:\/\/www.soutienstaplante.fr\/#organization"},"alternateName":"Soutienstaplante","potentialAction":[{"@type":"SearchAction","target":{"@type":"EntryPoint","urlTemplate":"https:\/\/www.soutienstaplante.fr\/?s={search_term_string}"},"query-input":{"@type":"PropertyValueSpecification","valueRequired":true,"valueName":"search_term_string"}}],"inLanguage":"fr-FR"},{"@type":"Organization","@id":"https:\/\/www.soutienstaplante.fr\/#organization","name":"Soutiens ta plante","url":"https:\/\/www.soutienstaplante.fr\/","logo":{"@type":"ImageObject","inLanguage":"fr-FR","@id":"https:\/\/www.soutienstaplante.fr\/#\/schema\/logo\/image\/","url":"https:\/\/www.soutienstaplante.fr\/wp-content\/uploads\/2023\/02\/Logo-Soutiens-ta-Plante.jpg","contentUrl":"https:\/\/www.soutienstaplante.fr\/wp-content\/uploads\/2023\/02\/Logo-Soutiens-ta-Plante.jpg","width":2100,"height":2100,"caption":"Soutiens ta plante"},"image":{"@id":"https:\/\/www.soutienstaplante.fr\/#\/schema\/logo\/image\/"},"sameAs":["https:\/\/www.facebook.com\/soutienstaplante\/","https:\/\/instagram.com\/soutienstaplante"]}]}},"jetpack_sharing_enabled":true,"_links":{"self":[{"href":"https:\/\/www.soutienstaplante.fr\/index.php\/wp-json\/wp\/v2\/product\/765","targetHints":{"allow":["GET"]}}],"collection":[{"href":"https:\/\/www.soutienstaplante.fr\/index.php\/wp-json\/wp\/v2\/product"}],"about":[{"href":"https:\/\/www.soutienstaplante.fr\/index.php\/wp-json\/wp\/v2\/types\/product"}],"version-history":[{"count":10,"href":"https:\/\/www.soutienstaplante.fr\/index.php\/wp-json\/wp\/v2\/product\/765\/revisions"}],"predecessor-version":[{"id":798,"href":"https:\/\/www.soutienstaplante.fr\/index.php\/wp-json\/wp\/v2\/product\/765\/revisions\/798"}],"wp:featuredmedia":[{"embeddable":true,"href":"https:\/\/www.soutienstaplante.fr\/index.php\/wp-json\/wp\/v2\/media\/795"}],"wp:attachment":[{"href":"https:\/\/www.soutienstaplante.fr\/index.php\/wp-json\/wp\/v2\/media?parent=765"}],"wp:term":[{"taxonomy":"product_brand","embeddable":true,"href":"https:\/\/www.soutienstaplante.fr\/index.php\/wp-json\/wp\/v2\/product_brand?post=765"},{"taxonomy":"product_cat","embeddable":true,"href":"https:\/\/www.soutienstaplante.fr\/index.php\/wp-json\/wp\/v2\/product_cat?post=765"},{"taxonomy":"product_tag","embeddable":true,"href":"https:\/\/www.soutienstaplante.fr\/index.php\/wp-json\/wp\/v2\/product_tag?post=765"}],"curies":[{"name":"wp","href":"https:\/\/api.w.org\/{rel}","templated":true}]}}