{"id":817,"date":"2024-04-03T23:37:52","date_gmt":"2024-04-03T21:37:52","guid":{"rendered":"https:\/\/www.soutienstaplante.fr\/?post_type=product&#038;p=817"},"modified":"2024-09-25T11:33:42","modified_gmt":"2024-09-25T09:33:42","slug":"biobizz-biobloom","status":"publish","type":"product","link":"https:\/\/www.soutienstaplante.fr\/index.php\/produit\/biobizz-biobloom\/","title":{"rendered":"BIOBIZZ Biobloom Engrais pour plantes en floraison ou en fructification"},"content":{"rendered":"<p>Bouteille de 1 litre d&rsquo;engrais de floraison et fructification.<br \/>\nMarque : BIOBIZZ<br \/>\nProduit : BIO-BLOOM<\/p>\n<h2>Avis et retour sur ce produit :<\/h2>\n<p>Ce produit est test\u00e9 depuis 2 ans sur mes fraisiers et tomates en pot. Le nombre de fleurs et la taille des fruits est ainsi augment\u00e9.<br \/>\nDe plus, ce produit est BIO donc non issue de la p\u00e9trochimie.<br \/>\nIl se conserve tr\u00e8s longtemps.<\/p>\n<p>Utilisation de cet engrais :<\/p>\n<ul>\n<li>1 arrosage sur 2 avec une concentration de 2ml\/litre \u00e0 l&rsquo;apparition des bourgeons de fleurs (Printemps).<\/li>\n<li>1 arrosage sur 2 avec une concentration de 4ml\/litre en phase de floraison et fructification (Printemps\/\u00e9t\u00e9).<\/li>\n<\/ul>\n<h2>Description du fabricant :<\/h2>\n<h3>Qu\u2019est-ce que Bio\u00b7Bloom?<\/h3>\n<p>Vous souhaitez obtenir une floraison abondante qui donnera des fruits d\u00e9licieux? Cet engrais 100% biologique complet sous forme liquide apporte tout ce dont vous avez besoin. L\u2019azote, le phosphore et le potassium ainsi que les enzymes et les acides amin\u00e9s qui le composent sont pr\u00e9sents en quantit\u00e9 id\u00e9ale et travaillent tous en parfaite harmonie avec le sol. Ce m\u00e9lange contient \u00e9galement des oligo-\u00e9l\u00e9ments et des hormones d\u2019origine v\u00e9g\u00e9tale qui favorisent la croissance d\u2019une plante \u00e0 longues tiges et de fleurs vigoureuses.<\/p>\n<h3>Les nutriments pr\u00e9sents dans Bio\u00b7Bloom<\/h3>\n<p>Le potassium et le phosphore contribuent \u00e0 la formation et \u00e0 la croissance des bulbes, des calices et des p\u00e9tales. En particulier, le potassium agit en suivant le rythme naturel de la plante pendant la journ\u00e9e et la nuit, ce qui contribue au d\u00e9clenchement du processus de floraison.<\/p>\n<h3>Comment utiliser Bio\u00b7Bloom?<\/h3>\n<p>Bio\u00b7Bloom est un engrais autonome, utilisable depuis la floraison jusqu\u2019\u00e0 la r\u00e9colte.<\/p>\n<p>Biobizz vous recommande d\u2019utiliser environ 2 \u00e0 4 ml de Bio\u00b7Bloom par litre d\u2019eau. Pour obtenir des r\u00e9sultats optimaux, reportez-vous \u00e0 notre tableau de nutrition des plantes sur l\u2019emballage du produit.<\/p>\n<p><a href=\"https:\/\/www.biobizz.com\/fr\/producto\/biobloom\/\">Bio\u00b7Bloom &#8211; Biobizz<\/a><\/p>\n","protected":false},"excerpt":{"rendered":"<p>BIOBIZZ BioBloom est un engrais Bio pour la floraison et la fructification. Les sucres pr\u00e9sents activent la flore bact\u00e9rienne du substrat.<\/p>\n","protected":false},"featured_media":816,"template":"","meta":[],"product_brand":[],"product_cat":[24],"product_tag":[],"class_list":{"0":"post-817","1":"product","2":"type-product","3":"status-publish","4":"has-post-thumbnail","6":"product_cat-engrais","8":"first","9":"instock","10":"shipping-taxable","11":"purchasable","12":"product-type-variable","13":"has-default-attributes"},"yoast_head":"<!-- This site is optimized with the Yoast SEO plugin v27.0 - https:\/\/yoast.com\/product\/yoast-seo-wordpress\/ -->\n<title>BIOBIZZ Biobloom Engrais pour plantes en floraison ou en fructification<\/title>\n<meta name=\"description\" content=\"BIOBIZZ BioBloom est un engrais Bio pour la floraison et la fructification. Les sucres pr\u00e9sents activent la flore bact\u00e9rienne du substrat.\" \/>\n<meta name=\"robots\" content=\"index, follow, max-snippet:-1, max-image-preview:large, max-video-preview:-1\" \/>\n<link rel=\"canonical\" href=\"https:\/\/www.soutienstaplante.fr\/index.php\/produit\/biobizz-biobloom\/\" \/>\n<meta property=\"og:locale\" content=\"fr_FR\" \/>\n<meta property=\"og:type\" content=\"article\" \/>\n<meta property=\"og:title\" content=\"BIOBIZZ Biobloom Engrais pour plantes en floraison ou en fructification\" \/>\n<meta property=\"og:description\" content=\"BIOBIZZ BioBloom est un engrais Bio pour la floraison et la fructification. Les sucres pr\u00e9sents activent la flore bact\u00e9rienne du substrat.\" \/>\n<meta property=\"og:url\" content=\"https:\/\/www.soutienstaplante.fr\/index.php\/produit\/biobizz-biobloom\/\" \/>\n<meta property=\"og:site_name\" content=\"Soutiens ta plante\" \/>\n<meta property=\"article:publisher\" content=\"https:\/\/www.facebook.com\/soutienstaplante\/\" \/>\n<meta property=\"article:modified_time\" content=\"2024-09-25T09:33:42+00:00\" \/>\n<meta property=\"og:image\" content=\"https:\/\/www.soutienstaplante.fr\/wp-content\/uploads\/2024\/04\/BIOBIZZ-BioBloom1-scaled.jpg\" \/>\n\t<meta property=\"og:image:width\" content=\"1920\" \/>\n\t<meta property=\"og:image:height\" content=\"2560\" \/>\n\t<meta property=\"og:image:type\" content=\"image\/jpeg\" \/>\n<meta name=\"twitter:card\" content=\"summary_large_image\" \/>\n<meta name=\"twitter:label1\" content=\"Dur\u00e9e de lecture estim\u00e9e\" \/>\n\t<meta name=\"twitter:data1\" content=\"2 minutes\" \/>\n<script type=\"application\/ld+json\" class=\"yoast-schema-graph\">{\"@context\":\"https:\/\/schema.org\",\"@graph\":[{\"@type\":\"WebPage\",\"@id\":\"https:\/\/www.soutienstaplante.fr\/index.php\/produit\/biobizz-biobloom\/\",\"url\":\"https:\/\/www.soutienstaplante.fr\/index.php\/produit\/biobizz-biobloom\/\",\"name\":\"BIOBIZZ Biobloom Engrais pour plantes en floraison ou en fructification\",\"isPartOf\":{\"@id\":\"https:\/\/www.soutienstaplante.fr\/#website\"},\"primaryImageOfPage\":{\"@id\":\"https:\/\/www.soutienstaplante.fr\/index.php\/produit\/biobizz-biobloom\/#primaryimage\"},\"image\":{\"@id\":\"https:\/\/www.soutienstaplante.fr\/index.php\/produit\/biobizz-biobloom\/#primaryimage\"},\"thumbnailUrl\":\"https:\/\/www.soutienstaplante.fr\/wp-content\/uploads\/2024\/04\/BIOBIZZ-BioBloom1-scaled.jpg\",\"datePublished\":\"2024-04-03T21:37:52+00:00\",\"dateModified\":\"2024-09-25T09:33:42+00:00\",\"description\":\"BIOBIZZ BioBloom est un engrais Bio pour la floraison et la fructification. Les sucres pr\u00e9sents activent la flore bact\u00e9rienne du substrat.\",\"breadcrumb\":{\"@id\":\"https:\/\/www.soutienstaplante.fr\/index.php\/produit\/biobizz-biobloom\/#breadcrumb\"},\"inLanguage\":\"fr-FR\",\"potentialAction\":[{\"@type\":\"ReadAction\",\"target\":[\"https:\/\/www.soutienstaplante.fr\/index.php\/produit\/biobizz-biobloom\/\"]}]},{\"@type\":\"ImageObject\",\"inLanguage\":\"fr-FR\",\"@id\":\"https:\/\/www.soutienstaplante.fr\/index.php\/produit\/biobizz-biobloom\/#primaryimage\",\"url\":\"https:\/\/www.soutienstaplante.fr\/wp-content\/uploads\/2024\/04\/BIOBIZZ-BioBloom1-scaled.jpg\",\"contentUrl\":\"https:\/\/www.soutienstaplante.fr\/wp-content\/uploads\/2024\/04\/BIOBIZZ-BioBloom1-scaled.jpg\",\"width\":1920,\"height\":2560,\"caption\":\"BioBIZZ Biobloom engrais de floraison\"},{\"@type\":\"BreadcrumbList\",\"@id\":\"https:\/\/www.soutienstaplante.fr\/index.php\/produit\/biobizz-biobloom\/#breadcrumb\",\"itemListElement\":[{\"@type\":\"ListItem\",\"position\":1,\"name\":\"Accueil\",\"item\":\"https:\/\/www.soutienstaplante.fr\/\"},{\"@type\":\"ListItem\",\"position\":2,\"name\":\"Boutique\",\"item\":\"https:\/\/www.soutienstaplante.fr\/index.php\/boutique\/\"},{\"@type\":\"ListItem\",\"position\":3,\"name\":\"BIOBIZZ Biobloom Engrais pour plantes en floraison ou en fructification\"}]},{\"@type\":\"WebSite\",\"@id\":\"https:\/\/www.soutienstaplante.fr\/#website\",\"url\":\"https:\/\/www.soutienstaplante.fr\/\",\"name\":\"Soutiens ta plante\",\"description\":\"Des tuteurs pour tes plantes\",\"publisher\":{\"@id\":\"https:\/\/www.soutienstaplante.fr\/#organization\"},\"alternateName\":\"Soutienstaplante\",\"potentialAction\":[{\"@type\":\"SearchAction\",\"target\":{\"@type\":\"EntryPoint\",\"urlTemplate\":\"https:\/\/www.soutienstaplante.fr\/?s={search_term_string}\"},\"query-input\":{\"@type\":\"PropertyValueSpecification\",\"valueRequired\":true,\"valueName\":\"search_term_string\"}}],\"inLanguage\":\"fr-FR\"},{\"@type\":\"Organization\",\"@id\":\"https:\/\/www.soutienstaplante.fr\/#organization\",\"name\":\"Soutiens ta plante\",\"url\":\"https:\/\/www.soutienstaplante.fr\/\",\"logo\":{\"@type\":\"ImageObject\",\"inLanguage\":\"fr-FR\",\"@id\":\"https:\/\/www.soutienstaplante.fr\/#\/schema\/logo\/image\/\",\"url\":\"https:\/\/www.soutienstaplante.fr\/wp-content\/uploads\/2023\/02\/Logo-Soutiens-ta-Plante.jpg\",\"contentUrl\":\"https:\/\/www.soutienstaplante.fr\/wp-content\/uploads\/2023\/02\/Logo-Soutiens-ta-Plante.jpg\",\"width\":2100,\"height\":2100,\"caption\":\"Soutiens ta plante\"},\"image\":{\"@id\":\"https:\/\/www.soutienstaplante.fr\/#\/schema\/logo\/image\/\"},\"sameAs\":[\"https:\/\/www.facebook.com\/soutienstaplante\/\",\"https:\/\/instagram.com\/soutienstaplante\"]}]}<\/script>\n<!-- \/ Yoast SEO plugin. -->","yoast_head_json":{"title":"BIOBIZZ Biobloom Engrais pour plantes en floraison ou en fructification","description":"BIOBIZZ BioBloom est un engrais Bio pour la floraison et la fructification. Les sucres pr\u00e9sents activent la flore bact\u00e9rienne du substrat.","robots":{"index":"index","follow":"follow","max-snippet":"max-snippet:-1","max-image-preview":"max-image-preview:large","max-video-preview":"max-video-preview:-1"},"canonical":"https:\/\/www.soutienstaplante.fr\/index.php\/produit\/biobizz-biobloom\/","og_locale":"fr_FR","og_type":"article","og_title":"BIOBIZZ Biobloom Engrais pour plantes en floraison ou en fructification","og_description":"BIOBIZZ BioBloom est un engrais Bio pour la floraison et la fructification. Les sucres pr\u00e9sents activent la flore bact\u00e9rienne du substrat.","og_url":"https:\/\/www.soutienstaplante.fr\/index.php\/produit\/biobizz-biobloom\/","og_site_name":"Soutiens ta plante","article_publisher":"https:\/\/www.facebook.com\/soutienstaplante\/","article_modified_time":"2024-09-25T09:33:42+00:00","og_image":[{"width":1920,"height":2560,"url":"https:\/\/www.soutienstaplante.fr\/wp-content\/uploads\/2024\/04\/BIOBIZZ-BioBloom1-scaled.jpg","type":"image\/jpeg"}],"twitter_card":"summary_large_image","twitter_misc":{"Dur\u00e9e de lecture estim\u00e9e":"2 minutes"},"schema":{"@context":"https:\/\/schema.org","@graph":[{"@type":"WebPage","@id":"https:\/\/www.soutienstaplante.fr\/index.php\/produit\/biobizz-biobloom\/","url":"https:\/\/www.soutienstaplante.fr\/index.php\/produit\/biobizz-biobloom\/","name":"BIOBIZZ Biobloom Engrais pour plantes en floraison ou en fructification","isPartOf":{"@id":"https:\/\/www.soutienstaplante.fr\/#website"},"primaryImageOfPage":{"@id":"https:\/\/www.soutienstaplante.fr\/index.php\/produit\/biobizz-biobloom\/#primaryimage"},"image":{"@id":"https:\/\/www.soutienstaplante.fr\/index.php\/produit\/biobizz-biobloom\/#primaryimage"},"thumbnailUrl":"https:\/\/www.soutienstaplante.fr\/wp-content\/uploads\/2024\/04\/BIOBIZZ-BioBloom1-scaled.jpg","datePublished":"2024-04-03T21:37:52+00:00","dateModified":"2024-09-25T09:33:42+00:00","description":"BIOBIZZ BioBloom est un engrais Bio pour la floraison et la fructification. Les sucres pr\u00e9sents activent la flore bact\u00e9rienne du substrat.","breadcrumb":{"@id":"https:\/\/www.soutienstaplante.fr\/index.php\/produit\/biobizz-biobloom\/#breadcrumb"},"inLanguage":"fr-FR","potentialAction":[{"@type":"ReadAction","target":["https:\/\/www.soutienstaplante.fr\/index.php\/produit\/biobizz-biobloom\/"]}]},{"@type":"ImageObject","inLanguage":"fr-FR","@id":"https:\/\/www.soutienstaplante.fr\/index.php\/produit\/biobizz-biobloom\/#primaryimage","url":"https:\/\/www.soutienstaplante.fr\/wp-content\/uploads\/2024\/04\/BIOBIZZ-BioBloom1-scaled.jpg","contentUrl":"https:\/\/www.soutienstaplante.fr\/wp-content\/uploads\/2024\/04\/BIOBIZZ-BioBloom1-scaled.jpg","width":1920,"height":2560,"caption":"BioBIZZ Biobloom engrais de floraison"},{"@type":"BreadcrumbList","@id":"https:\/\/www.soutienstaplante.fr\/index.php\/produit\/biobizz-biobloom\/#breadcrumb","itemListElement":[{"@type":"ListItem","position":1,"name":"Accueil","item":"https:\/\/www.soutienstaplante.fr\/"},{"@type":"ListItem","position":2,"name":"Boutique","item":"https:\/\/www.soutienstaplante.fr\/index.php\/boutique\/"},{"@type":"ListItem","position":3,"name":"BIOBIZZ Biobloom Engrais pour plantes en floraison ou en fructification"}]},{"@type":"WebSite","@id":"https:\/\/www.soutienstaplante.fr\/#website","url":"https:\/\/www.soutienstaplante.fr\/","name":"Soutiens ta plante","description":"Des tuteurs pour tes plantes","publisher":{"@id":"https:\/\/www.soutienstaplante.fr\/#organization"},"alternateName":"Soutienstaplante","potentialAction":[{"@type":"SearchAction","target":{"@type":"EntryPoint","urlTemplate":"https:\/\/www.soutienstaplante.fr\/?s={search_term_string}"},"query-input":{"@type":"PropertyValueSpecification","valueRequired":true,"valueName":"search_term_string"}}],"inLanguage":"fr-FR"},{"@type":"Organization","@id":"https:\/\/www.soutienstaplante.fr\/#organization","name":"Soutiens ta plante","url":"https:\/\/www.soutienstaplante.fr\/","logo":{"@type":"ImageObject","inLanguage":"fr-FR","@id":"https:\/\/www.soutienstaplante.fr\/#\/schema\/logo\/image\/","url":"https:\/\/www.soutienstaplante.fr\/wp-content\/uploads\/2023\/02\/Logo-Soutiens-ta-Plante.jpg","contentUrl":"https:\/\/www.soutienstaplante.fr\/wp-content\/uploads\/2023\/02\/Logo-Soutiens-ta-Plante.jpg","width":2100,"height":2100,"caption":"Soutiens ta plante"},"image":{"@id":"https:\/\/www.soutienstaplante.fr\/#\/schema\/logo\/image\/"},"sameAs":["https:\/\/www.facebook.com\/soutienstaplante\/","https:\/\/instagram.com\/soutienstaplante"]}]}},"jetpack_sharing_enabled":true,"_links":{"self":[{"href":"https:\/\/www.soutienstaplante.fr\/index.php\/wp-json\/wp\/v2\/product\/817","targetHints":{"allow":["GET"]}}],"collection":[{"href":"https:\/\/www.soutienstaplante.fr\/index.php\/wp-json\/wp\/v2\/product"}],"about":[{"href":"https:\/\/www.soutienstaplante.fr\/index.php\/wp-json\/wp\/v2\/types\/product"}],"version-history":[{"count":3,"href":"https:\/\/www.soutienstaplante.fr\/index.php\/wp-json\/wp\/v2\/product\/817\/revisions"}],"predecessor-version":[{"id":955,"href":"https:\/\/www.soutienstaplante.fr\/index.php\/wp-json\/wp\/v2\/product\/817\/revisions\/955"}],"wp:featuredmedia":[{"embeddable":true,"href":"https:\/\/www.soutienstaplante.fr\/index.php\/wp-json\/wp\/v2\/media\/816"}],"wp:attachment":[{"href":"https:\/\/www.soutienstaplante.fr\/index.php\/wp-json\/wp\/v2\/media?parent=817"}],"wp:term":[{"taxonomy":"product_brand","embeddable":true,"href":"https:\/\/www.soutienstaplante.fr\/index.php\/wp-json\/wp\/v2\/product_brand?post=817"},{"taxonomy":"product_cat","embeddable":true,"href":"https:\/\/www.soutienstaplante.fr\/index.php\/wp-json\/wp\/v2\/product_cat?post=817"},{"taxonomy":"product_tag","embeddable":true,"href":"https:\/\/www.soutienstaplante.fr\/index.php\/wp-json\/wp\/v2\/product_tag?post=817"}],"curies":[{"name":"wp","href":"https:\/\/api.w.org\/{rel}","templated":true}]}}