{"id":921,"date":"2024-07-11T00:12:11","date_gmt":"2024-07-10T22:12:11","guid":{"rendered":"https:\/\/www.soutienstaplante.fr\/?post_type=product&#038;p=921"},"modified":"2024-07-12T23:23:58","modified_gmt":"2024-07-12T21:23:58","slug":"sansi-ampoule-led-horticole-36w","status":"publish","type":"product","link":"https:\/\/www.soutienstaplante.fr\/index.php\/produit\/sansi-ampoule-led-horticole-36w\/","title":{"rendered":"SANSI ampoule LED horticole 36w \u00e0 spectre complet"},"content":{"rendered":"<h1>Description :<\/h1>\n<p>cette ampoule LED horticole poss\u00e8de un spectre complet. EN \u00e9ffet, cette lampe de culture led SANSI imite le spectre du soleil. L&rsquo;ampoule de culture LED SANSI 36W est adapt\u00e9e \u00e0 chaque cycle de croissance des plantes. La lampe\u00a0 est con\u00e7ue pour les stades de croissance de germination, de semis, de v\u00e9g\u00e9tation, de bourgeonnement, de floraison et de maturation. Compar\u00e9 aux lampes de culture rouges ou violettes typiques, il a un PPF et une lentille \u00e9lev\u00e9s qui peuvent am\u00e9liorer l\u2019utilisation de la lumi\u00e8re, donnant aux plantes plus de lumi\u00e8re suppl\u00e9mentaire, ce qui convient vraiment aux plantes \u00e0 haute luminosit\u00e9 comme les plantes de jade, les plantes serpent et le collier de perles.<\/p>\n<p>en cours<\/p>\n<h1>Les plus de cette ampoule horticole :<\/h1>\n<ul>\n<li>La conception de l&rsquo;optique : PPF : 65,6 \u03bcmol\/s, PPFD : 265,58 \u03bcmol\/s\/\u33a1 @ 1ft. Gr\u00e2ce \u00e0 la lentille, la distribution de la lumi\u00e8re est optimale en am\u00e9liorant de flux lumineux, donnez aux plantes plus de lumi\u00e8re suppl\u00e9mentaire .<\/li>\n<li>Imite le spectre solaire : le spectre complet est id\u00e9al et couvre l\u2019ensemble du spectre visible de 400 nm \u00e0 780 nm ; L\u2019indice de rendu des couleurs Ra est proche de 100 donc tr\u00e8s proche de la lumi\u00e8re naturelle. Cette lumi\u00e8re est parfaitement adapt\u00e9 \u00e0 chaque cycle de croissance des plantes, elle\u00a0 favorise efficacement \u00e0 la croissance et \u00e0 la sant\u00e9 des plantes.<\/li>\n<li>Technologie COC brevet\u00e9e : Chip on Ceramic, la technologie brevet\u00e9e de SANSI remplace le substrat traditionnel en aluminium Mcpcb par un dissipateur thermique en c\u00e9ramique non conducteur. Les puces LED sont soud\u00e9es directement sur le dissipateur thermique en c\u00e9ramique, r\u00e9duisant efficacement la r\u00e9sistance thermique du syst\u00e8me entre la jonction LED PN et la surface du dissipateur thermique, ce qui se traduit par une conduction thermique plus rapide et plus efficace donc \u00e0 une plus grande fiabilit\u00e9 du produit. Cela am\u00e9liore\u00a0la dur\u00e9e de vie des ampoules \u00e0 25 000 heures<\/li>\n<li>S\u00fbr et fiable : le corps de la lampe est fait d\u2019un mat\u00e9riau c\u00e9ramique sp\u00e9cial et le grade ignifuge atteint V0 ; la conception de la structure d\u2019isolation renforc\u00e9e, sans risque de choc \u00e9lectrique, est plus s\u00fbre. L&rsquo;ensemble des mat\u00e9riaux de la coque atteint le grade anticorrosion WF2, qui est plus fiable et durable ; faible IR, moins de rayonnement thermique, \u00e9vitant l\u2019exposition \u00e0 courte distance br\u00fble les plantes.<\/li>\n<\/ul>\n<h1>Utilisations :<\/h1>\n<ul>\n<li>Usage int\u00e9rieur<\/li>\n<li>Ne pas utiliser derri\u00e8re un interrupteur \u00e0 intensit\u00e9 variable<\/li>\n<li>Ne pas enfermer l&rsquo;ampoule, le flux d&rsquo;air doit rester libre autour d&rsquo;elle pour permettre un refroidissement optimal<\/li>\n<li>La distance avec la plante doit \u00eatre entre 30 et 50cm minimum pour \u00e9viter de bruler la plante. La plante a besoin d&rsquo;un temps d&rsquo;adaptation car le flux lumineux de l&rsquo;ampoule est puissant de l&rsquo;ampoule.<\/li>\n<\/ul>\n","protected":false},"excerpt":{"rendered":"<p>Description : cette ampoule LED horticole poss\u00e8de un spectre complet. EN \u00e9ffet, cette lampe de culture led SANSI imite le spectre du soleil. L&rsquo;ampoule de culture LED SANSI 36W est adapt\u00e9e \u00e0 chaque cycle de croissance des plantes. La lampe\u00a0 est con\u00e7ue pour les stades de croissance de germination, de semis, de v\u00e9g\u00e9tation, de bourgeonnement, [&hellip;]<\/p>\n","protected":false},"featured_media":0,"template":"","meta":[],"product_brand":[],"product_cat":[25],"product_tag":[],"class_list":{"0":"post-921","1":"product","2":"type-product","3":"status-publish","5":"product_cat-lampe-horticole","7":"first","8":"instock","9":"shipping-taxable","10":"purchasable","11":"product-type-simple"},"yoast_head":"<!-- This site is optimized with the Yoast SEO plugin v27.0 - https:\/\/yoast.com\/product\/yoast-seo-wordpress\/ -->\n<title>SANSI ampoule LED horticole 36w \u00e0 spectre complet - Soutiens ta plante<\/title>\n<meta name=\"robots\" content=\"index, follow, max-snippet:-1, max-image-preview:large, max-video-preview:-1\" \/>\n<link rel=\"canonical\" href=\"https:\/\/www.soutienstaplante.fr\/index.php\/produit\/sansi-ampoule-led-horticole-36w\/\" \/>\n<meta property=\"og:locale\" content=\"fr_FR\" \/>\n<meta property=\"og:type\" content=\"article\" \/>\n<meta property=\"og:title\" content=\"SANSI ampoule LED horticole 36w \u00e0 spectre complet - Soutiens ta plante\" \/>\n<meta property=\"og:description\" content=\"Description : cette ampoule LED horticole poss\u00e8de un spectre complet. EN \u00e9ffet, cette lampe de culture led SANSI imite le spectre du soleil. L&rsquo;ampoule de culture LED SANSI 36W est adapt\u00e9e \u00e0 chaque cycle de croissance des plantes. La lampe\u00a0 est con\u00e7ue pour les stades de croissance de germination, de semis, de v\u00e9g\u00e9tation, de bourgeonnement, [&hellip;]\" \/>\n<meta property=\"og:url\" content=\"https:\/\/www.soutienstaplante.fr\/index.php\/produit\/sansi-ampoule-led-horticole-36w\/\" \/>\n<meta property=\"og:site_name\" content=\"Soutiens ta plante\" \/>\n<meta property=\"article:publisher\" content=\"https:\/\/www.facebook.com\/soutienstaplante\/\" \/>\n<meta property=\"article:modified_time\" content=\"2024-07-12T21:23:58+00:00\" \/>\n<meta name=\"twitter:card\" content=\"summary_large_image\" \/>\n<meta name=\"twitter:label1\" content=\"Dur\u00e9e de lecture estim\u00e9e\" \/>\n\t<meta name=\"twitter:data1\" content=\"3 minutes\" \/>\n<script type=\"application\/ld+json\" class=\"yoast-schema-graph\">{\"@context\":\"https:\/\/schema.org\",\"@graph\":[{\"@type\":\"WebPage\",\"@id\":\"https:\/\/www.soutienstaplante.fr\/index.php\/produit\/sansi-ampoule-led-horticole-36w\/\",\"url\":\"https:\/\/www.soutienstaplante.fr\/index.php\/produit\/sansi-ampoule-led-horticole-36w\/\",\"name\":\"SANSI ampoule LED horticole 36w \u00e0 spectre complet - Soutiens ta plante\",\"isPartOf\":{\"@id\":\"https:\/\/www.soutienstaplante.fr\/#website\"},\"datePublished\":\"2024-07-10T22:12:11+00:00\",\"dateModified\":\"2024-07-12T21:23:58+00:00\",\"breadcrumb\":{\"@id\":\"https:\/\/www.soutienstaplante.fr\/index.php\/produit\/sansi-ampoule-led-horticole-36w\/#breadcrumb\"},\"inLanguage\":\"fr-FR\",\"potentialAction\":[{\"@type\":\"ReadAction\",\"target\":[\"https:\/\/www.soutienstaplante.fr\/index.php\/produit\/sansi-ampoule-led-horticole-36w\/\"]}]},{\"@type\":\"BreadcrumbList\",\"@id\":\"https:\/\/www.soutienstaplante.fr\/index.php\/produit\/sansi-ampoule-led-horticole-36w\/#breadcrumb\",\"itemListElement\":[{\"@type\":\"ListItem\",\"position\":1,\"name\":\"Accueil\",\"item\":\"https:\/\/www.soutienstaplante.fr\/\"},{\"@type\":\"ListItem\",\"position\":2,\"name\":\"Boutique\",\"item\":\"https:\/\/www.soutienstaplante.fr\/index.php\/boutique\/\"},{\"@type\":\"ListItem\",\"position\":3,\"name\":\"SANSI ampoule LED horticole 36w \u00e0 spectre complet\"}]},{\"@type\":\"WebSite\",\"@id\":\"https:\/\/www.soutienstaplante.fr\/#website\",\"url\":\"https:\/\/www.soutienstaplante.fr\/\",\"name\":\"Soutiens ta plante\",\"description\":\"Des tuteurs pour tes plantes\",\"publisher\":{\"@id\":\"https:\/\/www.soutienstaplante.fr\/#organization\"},\"alternateName\":\"Soutienstaplante\",\"potentialAction\":[{\"@type\":\"SearchAction\",\"target\":{\"@type\":\"EntryPoint\",\"urlTemplate\":\"https:\/\/www.soutienstaplante.fr\/?s={search_term_string}\"},\"query-input\":{\"@type\":\"PropertyValueSpecification\",\"valueRequired\":true,\"valueName\":\"search_term_string\"}}],\"inLanguage\":\"fr-FR\"},{\"@type\":\"Organization\",\"@id\":\"https:\/\/www.soutienstaplante.fr\/#organization\",\"name\":\"Soutiens ta plante\",\"url\":\"https:\/\/www.soutienstaplante.fr\/\",\"logo\":{\"@type\":\"ImageObject\",\"inLanguage\":\"fr-FR\",\"@id\":\"https:\/\/www.soutienstaplante.fr\/#\/schema\/logo\/image\/\",\"url\":\"https:\/\/www.soutienstaplante.fr\/wp-content\/uploads\/2023\/02\/Logo-Soutiens-ta-Plante.jpg\",\"contentUrl\":\"https:\/\/www.soutienstaplante.fr\/wp-content\/uploads\/2023\/02\/Logo-Soutiens-ta-Plante.jpg\",\"width\":2100,\"height\":2100,\"caption\":\"Soutiens ta plante\"},\"image\":{\"@id\":\"https:\/\/www.soutienstaplante.fr\/#\/schema\/logo\/image\/\"},\"sameAs\":[\"https:\/\/www.facebook.com\/soutienstaplante\/\",\"https:\/\/instagram.com\/soutienstaplante\"]}]}<\/script>\n<!-- \/ Yoast SEO plugin. -->","yoast_head_json":{"title":"SANSI ampoule LED horticole 36w \u00e0 spectre complet - Soutiens ta plante","robots":{"index":"index","follow":"follow","max-snippet":"max-snippet:-1","max-image-preview":"max-image-preview:large","max-video-preview":"max-video-preview:-1"},"canonical":"https:\/\/www.soutienstaplante.fr\/index.php\/produit\/sansi-ampoule-led-horticole-36w\/","og_locale":"fr_FR","og_type":"article","og_title":"SANSI ampoule LED horticole 36w \u00e0 spectre complet - Soutiens ta plante","og_description":"Description : cette ampoule LED horticole poss\u00e8de un spectre complet. EN \u00e9ffet, cette lampe de culture led SANSI imite le spectre du soleil. L&rsquo;ampoule de culture LED SANSI 36W est adapt\u00e9e \u00e0 chaque cycle de croissance des plantes. La lampe\u00a0 est con\u00e7ue pour les stades de croissance de germination, de semis, de v\u00e9g\u00e9tation, de bourgeonnement, [&hellip;]","og_url":"https:\/\/www.soutienstaplante.fr\/index.php\/produit\/sansi-ampoule-led-horticole-36w\/","og_site_name":"Soutiens ta plante","article_publisher":"https:\/\/www.facebook.com\/soutienstaplante\/","article_modified_time":"2024-07-12T21:23:58+00:00","twitter_card":"summary_large_image","twitter_misc":{"Dur\u00e9e de lecture estim\u00e9e":"3 minutes"},"schema":{"@context":"https:\/\/schema.org","@graph":[{"@type":"WebPage","@id":"https:\/\/www.soutienstaplante.fr\/index.php\/produit\/sansi-ampoule-led-horticole-36w\/","url":"https:\/\/www.soutienstaplante.fr\/index.php\/produit\/sansi-ampoule-led-horticole-36w\/","name":"SANSI ampoule LED horticole 36w \u00e0 spectre complet - Soutiens ta plante","isPartOf":{"@id":"https:\/\/www.soutienstaplante.fr\/#website"},"datePublished":"2024-07-10T22:12:11+00:00","dateModified":"2024-07-12T21:23:58+00:00","breadcrumb":{"@id":"https:\/\/www.soutienstaplante.fr\/index.php\/produit\/sansi-ampoule-led-horticole-36w\/#breadcrumb"},"inLanguage":"fr-FR","potentialAction":[{"@type":"ReadAction","target":["https:\/\/www.soutienstaplante.fr\/index.php\/produit\/sansi-ampoule-led-horticole-36w\/"]}]},{"@type":"BreadcrumbList","@id":"https:\/\/www.soutienstaplante.fr\/index.php\/produit\/sansi-ampoule-led-horticole-36w\/#breadcrumb","itemListElement":[{"@type":"ListItem","position":1,"name":"Accueil","item":"https:\/\/www.soutienstaplante.fr\/"},{"@type":"ListItem","position":2,"name":"Boutique","item":"https:\/\/www.soutienstaplante.fr\/index.php\/boutique\/"},{"@type":"ListItem","position":3,"name":"SANSI ampoule LED horticole 36w \u00e0 spectre complet"}]},{"@type":"WebSite","@id":"https:\/\/www.soutienstaplante.fr\/#website","url":"https:\/\/www.soutienstaplante.fr\/","name":"Soutiens ta plante","description":"Des tuteurs pour tes plantes","publisher":{"@id":"https:\/\/www.soutienstaplante.fr\/#organization"},"alternateName":"Soutienstaplante","potentialAction":[{"@type":"SearchAction","target":{"@type":"EntryPoint","urlTemplate":"https:\/\/www.soutienstaplante.fr\/?s={search_term_string}"},"query-input":{"@type":"PropertyValueSpecification","valueRequired":true,"valueName":"search_term_string"}}],"inLanguage":"fr-FR"},{"@type":"Organization","@id":"https:\/\/www.soutienstaplante.fr\/#organization","name":"Soutiens ta plante","url":"https:\/\/www.soutienstaplante.fr\/","logo":{"@type":"ImageObject","inLanguage":"fr-FR","@id":"https:\/\/www.soutienstaplante.fr\/#\/schema\/logo\/image\/","url":"https:\/\/www.soutienstaplante.fr\/wp-content\/uploads\/2023\/02\/Logo-Soutiens-ta-Plante.jpg","contentUrl":"https:\/\/www.soutienstaplante.fr\/wp-content\/uploads\/2023\/02\/Logo-Soutiens-ta-Plante.jpg","width":2100,"height":2100,"caption":"Soutiens ta plante"},"image":{"@id":"https:\/\/www.soutienstaplante.fr\/#\/schema\/logo\/image\/"},"sameAs":["https:\/\/www.facebook.com\/soutienstaplante\/","https:\/\/instagram.com\/soutienstaplante"]}]}},"jetpack_sharing_enabled":true,"_links":{"self":[{"href":"https:\/\/www.soutienstaplante.fr\/index.php\/wp-json\/wp\/v2\/product\/921","targetHints":{"allow":["GET"]}}],"collection":[{"href":"https:\/\/www.soutienstaplante.fr\/index.php\/wp-json\/wp\/v2\/product"}],"about":[{"href":"https:\/\/www.soutienstaplante.fr\/index.php\/wp-json\/wp\/v2\/types\/product"}],"version-history":[{"count":8,"href":"https:\/\/www.soutienstaplante.fr\/index.php\/wp-json\/wp\/v2\/product\/921\/revisions"}],"predecessor-version":[{"id":930,"href":"https:\/\/www.soutienstaplante.fr\/index.php\/wp-json\/wp\/v2\/product\/921\/revisions\/930"}],"wp:attachment":[{"href":"https:\/\/www.soutienstaplante.fr\/index.php\/wp-json\/wp\/v2\/media?parent=921"}],"wp:term":[{"taxonomy":"product_brand","embeddable":true,"href":"https:\/\/www.soutienstaplante.fr\/index.php\/wp-json\/wp\/v2\/product_brand?post=921"},{"taxonomy":"product_cat","embeddable":true,"href":"https:\/\/www.soutienstaplante.fr\/index.php\/wp-json\/wp\/v2\/product_cat?post=921"},{"taxonomy":"product_tag","embeddable":true,"href":"https:\/\/www.soutienstaplante.fr\/index.php\/wp-json\/wp\/v2\/product_tag?post=921"}],"curies":[{"name":"wp","href":"https:\/\/api.w.org\/{rel}","templated":true}]}}